{"id":9227,"date":"2023-08-08T13:43:44","date_gmt":"2023-08-08T13:43:44","guid":{"rendered":"https:\/\/www.tsiyapi.com\/?page_id=9227"},"modified":"2023-08-08T13:53:33","modified_gmt":"2023-08-08T13:53:33","slug":"cerez-beyani","status":"publish","type":"page","link":"https:\/\/www.tsiyapi.com\/tr\/cerez-beyani\/","title":{"rendered":"\u00c7erez Beyan\u0131"},"content":{"rendered":"<p>[vc_row][vc_column css=&#8221;.vc_custom_1634008428428{margin-top: 0px !important;}&#8221;]<div class=\"mgt-header-block clearfix text-left text-black wpb_content_element  mgt-header-block-style-1 mgt-header-texttransform-none  vc_custom_1691502810267\"><h2 class=\"mgt-header-block-title\">TS\u0130 Yap\u0131 \u00c7erez Beyan\u0131<\/h2><div class=\"mgt-header-line\"><\/div><\/div>[\/vc_column][\/vc_row][vc_row][vc_column][vc_column_text]<strong>\u00c7EREZ BEYANI<\/strong><\/p>\n<p><strong>TS\u0130 Yap\u0131 \u0130n\u015faat Taahh\u00fct Ticaret A.\u015e.<\/strong> olarak ki\u015fisel veri stat\u00fcs\u00fcnde olan \u00c7erezlere ve Di\u011fer Teknolojilere ili\u015fkin beyan, sizlere ilgili teknolojileri a\u00e7\u0131klamay\u0131, \u00e7erez y\u00f6netimi ba\u015fta olmak \u00fczere teknik ve hukuksal haklar\u0131n\u0131z\u0131 hat\u0131rlatmay\u0131 ama\u00e7lamaktad\u0131r.<\/p>\n<p>Okudu\u011funuz beyan, belli zamanlarda de\u011fi\u015fikliklere u\u011frayabilmekle birlikte, her zaman en g\u00fcncel hali ifade etmektedir. Yap\u0131lan de\u011fi\u015fikliklere ve son g\u00fcncelleme tarihine beyan\u0131n sonunda ula\u015fabilirsiniz.<\/p>\n<p>TS\u0130 Yap\u0131 ailesi olarak, her t\u00fcrl\u00fc ki\u015fisel veriniz ile birlikte \u00e7erezlerinize kar\u015f\u0131 azami \u00f6zenin g\u00f6sterildi\u011fini \u00f6ncelikle ifade etmek isteriz. \u00c7erez Beyan\u0131, ki\u015fisel veri ayd\u0131nlatma ve gizlilik bildiriminin bir par\u00e7as\u0131 olup, birlikte de\u011ferlendirilmelidir.<\/p>\n<ol>\n<li><strong> \u00c7erez Nedir?<\/strong><\/li>\n<\/ol>\n<p>\u00c7erezler bir web sitesini ziyaret etti\u011finizde bilgisayar\u0131n\u0131zda veya mobil ayg\u0131t\u0131n\u0131zda saklanan k\u00fc\u00e7\u00fck metin dosyalar\u0131d\u0131r. \u00c7erezler sayesinde kullan\u0131m deneyiminiz \u015fu ama\u00e7lar (ve benzerleri) dahilinde geli\u015ftirilmektedir:<\/p>\n<ul>\n<li>Gelecekteki ziyaretlerinizde oturum a\u00e7ma i\u015fleminin daha kolay ve daha h\u0131zl\u0131 olmas\u0131 i\u00e7in kullan\u0131c\u0131 ad\u0131n\u0131z\u0131 ve parolan\u0131z\u0131 hat\u0131rlamak,<\/li>\n<li>Dil se\u00e7iminizi ve di\u011fer tercihlerinizi hat\u0131rlamak,<\/li>\n<li>T\u00fcm istenen bilgileri alman\u0131z\u0131 sa\u011flamak,<\/li>\n<li>\u00c7evrimi\u00e7i i\u015flemler i\u00e7in g\u00fcvenli ve g\u00fcvenilir bir hizmet sa\u011flamak,<\/li>\n<li>Analiz i\u00e7in reklamlar, web sitesi veya uygulama i\u00e7eri\u011fine verdi\u011finiz tepkiyi ve ayn\u0131 reklam\u0131 size ka\u00e7 kere g\u00f6nderdi\u011fimizi takip etmek,<\/li>\n<li>Sitenin h\u0131zl\u0131 ve verimli bi\u00e7imde \u00e7al\u0131\u015fmaya devam etmesini sa\u011flayabilmemiz i\u00e7in siteyi ka\u00e7 ki\u015finin, ne \u015fekilde kulland\u0131\u011f\u0131n\u0131 \u00f6l\u00e7mek,<\/li>\n<li>Bizim ve ba\u015fkalar\u0131n\u0131n, ilgi alanlar\u0131n\u0131z ve konumunuzla ilgili ve yan\u0131tlay\u0131c\u0131 ileti\u015fim ve i\u00e7erik sunmas\u0131na yard\u0131mc\u0131 olmak.<\/li>\n<\/ul>\n<p>Fark etti\u011finiz \u00fczere, \u00e7erezler size ait bilgileri kullanmaktan \u00e7ok, internet gezintinizi ve kullan\u0131m deneyiminizi kolayla\u015ft\u0131rmay\u0131 ama\u00e7lamaktad\u0131r.<\/p>\n<p>Cihaz\u0131n\u0131z zararl\u0131 yaz\u0131l\u0131m etkisi alt\u0131nda de\u011filse, \u00e7erezleri yaln\u0131zca onlar\u0131 olu\u015fturan site okuyabilir. \u00c7erezin ne kadar s\u00fcreyle saklanaca\u011f\u0131n\u0131 da site belirler.<\/p>\n<ol start=\"2\">\n<li><strong> \u00c7erez T\u00fcrleri Nelerdir?<\/strong><\/li>\n<\/ol>\n<p>\u00c7erezlerin say\u0131s\u0131z t\u00fcr\u00fcnden bahsedilebilir. Bunlardan ba\u015fl\u0131calar\u0131 \u015fu \u015fekildedir:<\/p>\n<ul>\n<li><strong>Temel \u00c7erezler.<\/strong> Sitenin \u00e7al\u0131\u015fmas\u0131 i\u00e7in gerekli olan, sitenin hizmetlerinin ve \u00f6zelliklerinin kullan\u0131lmas\u0131n\u0131 sa\u011flayan \u00e7erezlerdir. Bu \u00e7erezlerin devre d\u0131\u015f\u0131 b\u0131rak\u0131lmas\u0131 hizmet ve \u00f6zelliklerin kullan\u0131lamaz hale gelmesine neden olabilir.<\/li>\n<li><strong>\u0130\u015flevsel \u00c7erezler.<\/strong> \u0130\u015flevsel \u00c7erezleri, dil tercihiniz veya daha \u00f6nce otel rezervasyonu yapt\u0131r\u0131rken kulland\u0131\u011f\u0131n\u0131z rezervasyon bilgileri gibi site \u00fczerindeki ayarlar\u0131n\u0131z\u0131 kaydeder. \u0130\u015flevsel \u00c7erezleri ayr\u0131ca, bir sonraki ziyaretinizde kolayca bulabilmeniz i\u00e7in de kullan\u0131r\u0131z.<\/li>\n<li><strong>Oturum \u00c7erezleri ve Kal\u0131c\u0131 \u00c7erezler. <\/strong>Oturum \u00e7erezleri, bir tarama oturumu esnas\u0131nda yaln\u0131zca ge\u00e7ici olarak saklan\u0131r ve taray\u0131c\u0131y\u0131 kapatt\u0131\u011f\u0131n\u0131zda cihaz\u0131n\u0131zdan silinirler. Oturum \u00e7erezleri, sitenin i\u015flevlerini desteklemek ve siteyi nas\u0131l kulland\u0131\u011f\u0131n\u0131z\u0131 anlamak i\u00e7in kullan\u0131l\u0131r, ziyaret etti\u011finiz sayfalar, kulland\u0131\u011f\u0131n\u0131z ba\u011flant\u0131lar ve her bir sayfada ge\u00e7irdi\u011finiz s\u00fcrenin saptanmas\u0131n\u0131 sa\u011flar. Kal\u0131c\u0131 \u00e7erezler ise taray\u0131c\u0131n\u0131z\u0131 kapatt\u0131\u011f\u0131n\u0131zda silinmez, belirli bir s\u00fcre boyunca veya siz onlar\u0131 silinceye kadar cihaz\u0131n\u0131zda saklan\u0131rlar. Siteyi her ziyaret etti\u011finizde, \u00e7erezi d\u00fczenleyen sunucu cihaz\u0131n\u0131zda saklanan kal\u0131c\u0131 \u00e7erezi tan\u0131yacakt\u0131r. Kal\u0131c\u0131 \u00e7erezler, site veya \u00fc\u00e7\u00fcnc\u00fc ki\u015filer taraf\u0131ndan siteyi ne s\u0131kl\u0131kta ziyaret etti\u011finizi, ne s\u0131kl\u0131kta tekrar geldi\u011finizi, zaman i\u00e7inde siteyi kullan\u0131m\u0131n\u0131z\u0131n nas\u0131l de\u011fi\u015febildi\u011fini ve reklam \u00e7abalar\u0131n\u0131n etkinli\u011fini daha do\u011fru bi\u00e7imde kaydedebilmek amac\u0131yla, bir sonraki ziyaretinizde haz\u0131r olabilmeleri i\u00e7in tercihlerinizi saklayacak \u015fekilde kullan\u0131labilir.<\/li>\n<li><strong>Reklam, Analitik ve Sosyal Eklenti \u00c7erezleri:<\/strong> bize ve di\u011fer reklam verenlere, Site ve \u00fc\u00e7\u00fcnc\u00fc taraf siteleri \u00fczerinden veya e-posta ya da di\u011fer ileti platformlar\u0131 vas\u0131tas\u0131yla en \u00e7ok ilgi duyaca\u011f\u0131n\u0131z \u00fcr\u00fcnleri, teklifleri ve reklamlar\u0131 size g\u00f6sterme imk\u00e2n\u0131 tan\u0131r. \u00d6rne\u011fin; baz\u0131 Reklam \u00c7erezleri, hizmet sa\u011flay\u0131c\u0131lar\u0131m\u0131z\u0131n ve di\u011fer reklam verenlerin, zaman i\u00e7erisinde web sitelerimize veya uygulamalar\u0131m\u0131za ya da di\u011fer web sitelerine, \u00e7evrimi\u00e7i hizmetlere ve uygulamalara yap\u0131lan ziyaretlerle ifade edilenler ve \u00e7\u0131kar\u0131m yap\u0131lanlar da d\u00e2hil olmak \u00fczere ilgi alanlar\u0131n\u0131za y\u00f6nelik reklamlar se\u00e7melerine yard\u0131mc\u0131 olurlar. Baz\u0131lar\u0131 ise s\u00fcrekli ayn\u0131 reklamla kar\u015f\u0131la\u015fman\u0131z\u0131 \u00f6nlemeye yard\u0131mc\u0131 olur. Bu t\u00fcr \u00c7erezler ayr\u0131ca, Site \u00fczerinde sizin ilgi alanlar\u0131n\u0131za ve ihtiya\u00e7lar\u0131n\u0131za uygun i\u00e7erikler sa\u011flamam\u0131za yard\u0131mc\u0131 olur. Sosyal eklenti \u00e7erezleri, site \u00fczerindeki i\u00e7eriklerin Facebook, Twitter, YouTube ve Instagram gibi sosyal medya a\u011flar\u0131n\u0131n \u00fcyeleriyle ve bunlara \u00fcye olmayan ki\u015filerle payla\u015f\u0131lmas\u0131 i\u00e7in kullan\u0131l\u0131r. Bu \u00e7erezler genellikle bu t\u00fcr payla\u015f\u0131mlar\u0131n sorunsuz olmas\u0131n\u0131 sa\u011flayan sosyal a\u011f sa\u011flay\u0131c\u0131s\u0131 taraf\u0131ndan ayarlan\u0131rlar. Analitik \u00e7erezleri, Siteyi kullan\u0131m\u0131n\u0131z hakk\u0131nda bilgi toplar ve Sitenin i\u015fleyi\u015fini iyile\u015ftirmemize imk\u00e2n tan\u0131r. Bu \u00e7erezler site performans\u0131n\u0131 izlemek, sayfalara yap\u0131lan ziyaretleri saymak, teknik hatalar\u0131 saptamak, kullan\u0131c\u0131lar\u0131n siteye nas\u0131l eri\u015fti\u011fini g\u00f6rmek ve reklamlar\u0131n (g\u00f6nderilen e-postalar d\u00e2hil olmak \u00fczere) etkilili\u011fini \u00f6l\u00e7mek i\u00e7in kulland\u0131\u011f\u0131m\u0131z birle\u015ftirilmi\u015f bilgileri sa\u011flar.<\/li>\n<\/ul>\n<ol start=\"3\">\n<li><strong> Bu Sitede \u00c7erez Kullan\u0131l\u0131yor Mu?<\/strong><\/li>\n<\/ol>\n<p>Evet, sitemiz di\u011fer pek \u00e7ok web sitesi gibi &#8220;\u00c7erezler&#8221; veya &#8220;Di\u011fer Teknolojileri&#8221; (Google, Microsoft, Apple veya benzer teknolojiler taraf\u0131ndan atanan e-postalar, javascript, ayg\u0131t kimlikleri ile ba\u011flant\u0131l\u0131 olan &#8220;piksel etiketleri&#8221;, &#8220;web i\u015faret\u00e7ileri&#8221;, &#8220;bo\u015f GIF&#8217;ler&#8221;) kullanabilir. \u00c7erezler ve di\u011fer teknolojiler, bizim ve \u00fc\u00e7\u00fcnc\u00fc taraflar\u0131n ziyaret al\u0131\u015fkanl\u0131klar\u0131n\u0131z\u0131n analiz edilmesi d\u00e2hil olmak \u00fczere siteye yapt\u0131\u011f\u0131n\u0131z ziyaretler hakk\u0131nda bilgi edinmesine yard\u0131mc\u0131 olur. S\u00f6z konusu bilgileri rezervasyonlar\u0131n\u0131z veya taleplerinizi i\u015fleme koymak ve biz ve ba\u015fkalar\u0131 i\u00e7in ilgi alanlar\u0131n\u0131za \u00f6zel \u00e7evrimi\u00e7i ve mobil reklam, ileti ve i\u00e7erik sunmak i\u00e7in kullan\u0131r\u0131z. K\u0131sa bir \u00f6zetle, \u00e7erez beyan\u0131nda yer alan \u00e7e\u015fitli \u00e7erezler yine yaz\u0131l\u0131 bulunan ama\u00e7lar dahilinde kullan\u0131lmaktad\u0131r.<\/p>\n<ol start=\"4\">\n<li><strong> \u00c7erezlerin Yasal Dayana\u011f\u0131 Var M\u0131d\u0131r?<\/strong><\/li>\n<\/ol>\n<p>Evet, zorunlu \u00e7erezler, KVKK m. 5 kapsam\u0131nda \u201cBir s\u00f6zle\u015fmenin kurulmas\u0131 veya ifas\u0131yla do\u011frudan do\u011fruya ilgili olmas\u0131 kayd\u0131yla, s\u00f6zle\u015fmenin taraflar\u0131na ait ki\u015fisel verilerin i\u015flenmesinin gerekli olmas\u0131\u201d \u015fart\u0131 uyar\u0131nca, bahsedilen di\u011fer \u00e7erezler ise \u201c\u0130lgili ki\u015finin temel hak ve \u00f6zg\u00fcrl\u00fcklerine zarar vermemek kayd\u0131yla, veri sorumlusunun me\u015fru menfaatleri i\u00e7in veri i\u015flenmesinin zorunlu olmas\u0131\u201d \u015fart\u0131 uyar\u0131nca i\u015flenebilmektedir. Her ihtimalde, i\u015flenen verilerinizin olabildi\u011fince sade ve amaca uygun ve orant\u0131l\u0131 \u015fekilde kullan\u0131m\u0131 konusunda teknolojilerin elverdi\u011fi \u00f6l\u00e7\u00fcde t\u00fcm hassasiyet g\u00f6sterilmektedir.<\/p>\n<ol start=\"5\">\n<li><strong> \u00c7erezlerinizi nas\u0131l y\u00f6netebilirsiniz?<\/strong><\/li>\n<\/ol>\n<p>\u00c7erezler, internet deneyiminizi kolayla\u015ft\u0131rmaktad\u0131r. Bununla birlikte her taray\u0131c\u0131 belli oranda \u00e7erez denetimine izin vermektedir. \u00c7erezlerini taray\u0131c\u0131lar\u0131n\u0131z\u0131n kendi ayarlar\u0131 \u00fczerinden her zaman kontrol edebilirsiniz.<\/p>\n<p>Firefox taray\u0131c\u0131n\u0131zda, Se\u00e7enekler &gt; Gizlilik ve G\u00fcvenlik &gt; \u00c7erezler ve Site Y\u00f6netimi<\/p>\n<p>Chrome taray\u0131c\u0131n\u0131zda, Ayarlar &gt; Gizlilik ve G\u00fcvenlik &gt; Site Ayarlar\u0131<\/p>\n<p>Edge taray\u0131c\u0131n\u0131zda, Ayarlar &gt; Gizlilik ve Hizmetler veya Site \u0130zinleri<\/p>\n<p>Di\u011fer taray\u0131c\u0131larda da benzeri ba\u015fl\u0131klar\u0131n alt\u0131ndan gerekli d\u00fczenlemeleri yapabilirsiniz.<\/p>\n<p>Ayr\u0131ca \u00fc\u00e7\u00fcnc\u00fc parti yaz\u0131l\u0131mlar arac\u0131l\u0131\u011f\u0131yla taray\u0131c\u0131 eklentilerinde veya do\u011frudan ba\u011f\u0131ms\u0131z uygulamalarla \u00e7erez y\u00f6netimi ve temizli\u011fini sa\u011flayabilirsiniz. Bunun i\u00e7in farkl\u0131 \u00e7erez temizleme \u00fcr\u00fcnlerini arama motorunuza aratarak kolayl\u0131kla ula\u015fabilirsiniz.<\/p>\n<p>\u00c7erezleri reddetmenin beklemedi\u011finiz baz\u0131 sorunlara neden olabilece\u011fini ve bu durumda ya\u015fanan hizmet aksakl\u0131\u011f\u0131ndan dolay\u0131 sorumlulu\u011fun kabul edilmedi\u011fini unutmay\u0131n\u0131z.<\/p>\n<ol>\n<li><strong> TS\u0130 Yap\u0131 \u00c7erezler Beyan\u0131 G\u00f6zden Ge\u00e7irmeleri<\/strong><\/li>\n<\/ol>\n<p>Yukar\u0131da belirtildi\u011fi gibi, bu beyan\u0131 zaman zaman de\u011fi\u015ftirebiliriz.<\/p>\n<p>Beyanda hen\u00fcz bir de\u011fi\u015fiklik yap\u0131lmam\u0131\u015ft\u0131r.[\/vc_column_text][\/vc_column][\/vc_row]<\/p>\n","protected":false},"excerpt":{"rendered":"<p>&#8230;<\/p>\n","protected":false},"author":2,"featured_media":0,"parent":0,"menu_order":0,"comment_status":"closed","ping_status":"closed","template":"","meta":{"footnotes":""},"class_list":["post-9227","page","type-page","status-publish","hentry"],"_links":{"self":[{"href":"https:\/\/www.tsiyapi.com\/tr\/wp-json\/wp\/v2\/pages\/9227","targetHints":{"allow":["GET"]}}],"collection":[{"href":"https:\/\/www.tsiyapi.com\/tr\/wp-json\/wp\/v2\/pages"}],"about":[{"href":"https:\/\/www.tsiyapi.com\/tr\/wp-json\/wp\/v2\/types\/page"}],"author":[{"embeddable":true,"href":"https:\/\/www.tsiyapi.com\/tr\/wp-json\/wp\/v2\/users\/2"}],"replies":[{"embeddable":true,"href":"https:\/\/www.tsiyapi.com\/tr\/wp-json\/wp\/v2\/comments?post=9227"}],"version-history":[{"count":4,"href":"https:\/\/www.tsiyapi.com\/tr\/wp-json\/wp\/v2\/pages\/9227\/revisions"}],"predecessor-version":[{"id":9238,"href":"https:\/\/www.tsiyapi.com\/tr\/wp-json\/wp\/v2\/pages\/9227\/revisions\/9238"}],"wp:attachment":[{"href":"https:\/\/www.tsiyapi.com\/tr\/wp-json\/wp\/v2\/media?parent=9227"}],"curies":[{"name":"wp","href":"https:\/\/api.w.org\/{rel}","templated":true}]}}