{"id":5589,"date":"2021-11-27T12:40:31","date_gmt":"2021-11-27T12:40:31","guid":{"rendered":"https:\/\/www.tsiyapi.com\/samet-ugurlu\/"},"modified":"2023-09-11T09:12:31","modified_gmt":"2023-09-11T09:12:31","slug":"samet-ugurlu","status":"publish","type":"page","link":"https:\/\/www.tsiyapi.com\/tr\/samet-ugurlu\/","title":{"rendered":"Samet U\u011furlu"},"content":{"rendered":"<p>[vc_row][vc_column]<div class=\"mgt-header-block clearfix text-left text-black wpb_content_element  mgt-header-block-style-1 mgt-header-texttransform-both  vc_custom_1639380441987\"><h2 class=\"mgt-header-block-title\">Samet U\u011furlu<\/h2><p class=\"mgt-header-block-subtitle\">KURUCU ORTAK<\/p><div class=\"mgt-header-line\"><\/div><\/div>[\/vc_column][\/vc_row][vc_row][vc_column width=&#8221;1\/4&#8243;][vc_single_image image=&#8221;4249&#8243; img_size=&#8221;medium&#8221; css_animation=&#8221;left-to-right&#8221;][\/vc_column][vc_column width=&#8221;3\/4&#8243;][vc_column_text css_animation=&#8221;left-to-right&#8221;] Samet U\u011furlu, 1980 y\u0131l\u0131nda Alanya da do\u011fdu. Evli ve \u00fc\u00e7 \u00e7ocuk babas\u0131.Samet bey 2000 y\u0131llar\u0131n\u0131n ba\u015f\u0131nda emlak sekt\u00f6r\u00fcnde geni\u015f deneyimler kazanarak, in\u015faat sekt\u00f6r\u00fcne y\u00f6neldi. 2009 Y\u0131l\u0131nda \u00dc\u00e7 ortak olarak TS\u0130 Yap\u0131 \u0130n\u015faat Taahh\u00fct Tic.A.\u015e \u015firketini kurdular. TS\u0130 Yap\u0131 bu y\u0131l i\u00e7in 70.000m2\u2019den fazla alana sahip ayr\u0131ca 20\u2019den fazla konut in\u015faat\u0131n\u0131n ba\u015far\u0131yla tamamlam\u0131\u015ft\u0131r.<\/p>\n<p>Samet U\u011furlu ayr\u0131ca HSU Yap\u0131 \u0130n\u015faat Taahh\u00fct T\u0130C. A.\u015e \u015firketinin y\u00f6netim kurulunda yer almaktad\u0131r. Bu \u015firket kapsam\u0131nda \u00e7e\u015fitli yat\u0131r\u0131mlar ile konut in\u015faat\u0131na ve konut kiralamas\u0131na devam etmektedir. U\u011furlu ba\u015fta tar\u0131m olmak \u00fczerinde \u00e7e\u015fitli alanlarda da yat\u0131r\u0131m yapmaktad\u0131r.<\/p>\n<h3><img loading=\"lazy\" decoding=\"async\" class=\"alignnone wp-image-3921 \" src=\"https:\/\/www.tsiyapi.com\/wp-content\/uploads\/2021\/11\/samet-ugurlu-sign.png\" alt=\"\" width=\"207\" height=\"35\" \/><\/h3>\n<p>[\/vc_column_text][\/vc_column][\/vc_row][vc_row css=&#8221;.vc_custom_1464103676838{margin-right: 0px !important;margin-bottom: 50px !important;margin-left: 0px !important;padding-top: 30px !important;padding-right: 30px !important;padding-bottom: 30px !important;padding-left: 30px !important;background: #2a2f35 url(https:\/\/www.tsiyapi.com\/wp-content\/uploads\/2016\/04\/import_placeholder.png?id=1506) !important;background-position: 0 0 !important;background-repeat: repeat !important;}&#8221;][vc_column width=&#8221;1\/3&#8243;]<div class=\"mgt-icon-box wpb_content_element wpb_animate_when_almost_visible wpb_left-to-right mgt-icon-box-right mgt-icon-fa text-white \"><div class=\"mgt-icon-box-icon hvr-icon-push\"><div class=\"mgt-font-icon\"><i class=\"fa fa-phone\"><\/i><\/div><\/div><div class=\"mgt-icon-box-content\"><h5>\u0130leti\u015fim Bilgileri<\/h5><\/p>\n<div class=\"phone\">+90 242 515 04 24<\/div>\n<div class=\"phone\"><a class=\"__cf_email__\" href=\"https:\/\/www.tsiyapi.com\/tr\/project\/alaiye-residence-cikcilli\/alaiye-residence-cikcilli-2\/#\">alanya@tsiyapi.com<\/a><\/div>\n<p><\/div><div class=\"clearfix\"><\/div><\/div>[\/vc_column][vc_column width=&#8221;1\/3&#8243;]<div class=\"mgt-icon-box wpb_content_element wpb_animate_when_almost_visible wpb_left-to-right mgt-icon-box-right mgt-icon-fa text-white \"><div class=\"mgt-icon-box-icon hvr-icon-push\"><div class=\"mgt-font-icon\"><i class=\"fa fa-map\"><\/i><\/div><\/div><div class=\"mgt-icon-box-content\"><h5>Adres Bilgileri<\/h5>Sug\u00f6z\u00fc Mahallesi, Keykubat Bulvar\u0131 No:47 Alanya\/Antalya<\/p>\n<p><\/div><div class=\"clearfix\"><\/div><\/div>[\/vc_column][vc_column width=&#8221;1\/3&#8243;]<div class=\"mgt-icon-box wpb_content_element wpb_animate_when_almost_visible wpb_left-to-right mgt-icon-box-right mgt-icon-fa text-white \"><div class=\"mgt-icon-box-icon hvr-icon-push\"><div class=\"mgt-font-icon\"><i class=\"fa fa-question-circle\"><\/i><\/div><\/div><div class=\"mgt-icon-box-content\"><h5>Yard\u0131mc\u0131 Olabiliriz<\/h5>Bir in\u015faat projeniz mi var?<br \/>\nBize bilgi g\u00f6nderin!<\/div><div class=\"clearfix\"><\/div><\/div>[\/vc_column][\/vc_row][vc_row][vc_column width=&#8221;1\/4&#8243;]<div class=\"mgt-header-block clearfix text-left text-black wpb_content_element  mgt-header-block-style-1 mgt-header-texttransform-subheader  vc_custom_1464103235021\"><h3 class=\"mgt-header-block-title\">Geri D\u00f6n\u00fc\u015f Formu<\/h3><p class=\"mgt-header-block-subtitle\">B\u0130Z\u0130MLE \u0130LET\u0130\u015e\u0130ME GE\u00c7\u0130N<\/p><div class=\"mgt-header-line\"><\/div><\/div>[vc_column_text css_animation=&#8221;left-to-right&#8221;]\u00dccretsiz dan\u0131\u015fmanl\u0131k hizmeti almak istiyorsan\u0131z, l\u00fctfen formu doldurarak ba\u015flay\u0131n:[\/vc_column_text][\/vc_column][vc_column width=&#8221;3\/4&#8243;]\n<div class=\"wpcf7 no-js\" id=\"wpcf7-f5685-o1\" lang=\"tr-TR\" dir=\"ltr\" data-wpcf7-id=\"5685\">\n<div class=\"screen-reader-response\"><p role=\"status\" aria-live=\"polite\" aria-atomic=\"true\"><\/p> <ul><\/ul><\/div>\n<form action=\"\/tr\/wp-json\/wp\/v2\/pages\/5589#wpcf7-f5685-o1\" method=\"post\" class=\"wpcf7-form init\" aria-label=\"\u0130leti\u015fim Formu\" novalidate=\"novalidate\" data-status=\"init\">\n<div style=\"display: none;\">\n<input type=\"hidden\" name=\"_wpcf7\" value=\"5685\" \/>\n<input type=\"hidden\" name=\"_wpcf7_version\" value=\"6.0.2\" \/>\n<input type=\"hidden\" name=\"_wpcf7_locale\" value=\"tr_TR\" \/>\n<input type=\"hidden\" name=\"_wpcf7_unit_tag\" value=\"wpcf7-f5685-o1\" \/>\n<input type=\"hidden\" name=\"_wpcf7_container_post\" value=\"0\" \/>\n<input type=\"hidden\" name=\"_wpcf7_posted_data_hash\" value=\"\" \/>\n<\/div>\n<div class=\"row\">\n\t<div class=\"col-md-6\">\n\t\t<p><span class=\"wpcf7-form-control-wrap\" data-name=\"your-name\"><input size=\"40\" maxlength=\"400\" class=\"wpcf7-form-control wpcf7-text wpcf7-validates-as-required\" aria-required=\"true\" aria-invalid=\"false\" placeholder=\"\u0130sim*\" value=\"\" type=\"text\" name=\"your-name\" \/><\/span>\n\t\t<\/p>\n\t\t<p><span class=\"wpcf7-form-control-wrap\" data-name=\"your-email\"><input size=\"40\" maxlength=\"400\" class=\"wpcf7-form-control wpcf7-email wpcf7-validates-as-required wpcf7-text wpcf7-validates-as-email\" aria-required=\"true\" aria-invalid=\"false\" placeholder=\"Email *\" value=\"\" type=\"email\" name=\"your-email\" \/><\/span>\n\t\t<\/p>\n\t<\/div>\n\t<div class=\"col-md-6\">\n\t\t<p><span class=\"wpcf7-form-control-wrap\" data-name=\"your-company\"><input size=\"40\" maxlength=\"400\" class=\"wpcf7-form-control wpcf7-text\" aria-invalid=\"false\" placeholder=\"\u015eirket\" value=\"\" type=\"text\" name=\"your-company\" \/><\/span>\n\t\t<\/p>\n\t\t<p><span class=\"wpcf7-form-control-wrap\" data-name=\"your-subject\"><input size=\"40\" maxlength=\"400\" class=\"wpcf7-form-control wpcf7-text\" aria-invalid=\"false\" placeholder=\"Konu\" value=\"\" type=\"text\" name=\"your-subject\" \/><\/span>\n\t\t<\/p>\n\t<\/div>\n\t<div class=\"col-md-12\">\n\t\t<p><span class=\"wpcf7-form-control-wrap\" data-name=\"your-message\"><textarea cols=\"40\" rows=\"10\" maxlength=\"2000\" class=\"wpcf7-form-control wpcf7-textarea\" aria-invalid=\"false\" placeholder=\"Mesaj\" name=\"your-message\"><\/textarea><\/span><input class=\"wpcf7-form-control wpcf7-submit has-spinner\" type=\"submit\" value=\"Mesaj\u0131 G\u00f6nder\" \/>\n\t\t<\/p>\n\t<\/div>\n<\/div><div class=\"wpcf7-response-output\" aria-hidden=\"true\"><\/div>\n<\/form>\n<\/div>\n[\/vc_column][\/vc_row]<\/p>\n","protected":false},"excerpt":{"rendered":"<p>&#8230;<\/p>\n","protected":false},"author":1,"featured_media":0,"parent":0,"menu_order":0,"comment_status":"closed","ping_status":"closed","template":"","meta":{"footnotes":""},"class_list":["post-5589","page","type-page","status-publish","hentry"],"_links":{"self":[{"href":"https:\/\/www.tsiyapi.com\/tr\/wp-json\/wp\/v2\/pages\/5589","targetHints":{"allow":["GET"]}}],"collection":[{"href":"https:\/\/www.tsiyapi.com\/tr\/wp-json\/wp\/v2\/pages"}],"about":[{"href":"https:\/\/www.tsiyapi.com\/tr\/wp-json\/wp\/v2\/types\/page"}],"author":[{"embeddable":true,"href":"https:\/\/www.tsiyapi.com\/tr\/wp-json\/wp\/v2\/users\/1"}],"replies":[{"embeddable":true,"href":"https:\/\/www.tsiyapi.com\/tr\/wp-json\/wp\/v2\/comments?post=5589"}],"version-history":[{"count":7,"href":"https:\/\/www.tsiyapi.com\/tr\/wp-json\/wp\/v2\/pages\/5589\/revisions"}],"predecessor-version":[{"id":9642,"href":"https:\/\/www.tsiyapi.com\/tr\/wp-json\/wp\/v2\/pages\/5589\/revisions\/9642"}],"wp:attachment":[{"href":"https:\/\/www.tsiyapi.com\/tr\/wp-json\/wp\/v2\/media?parent=5589"}],"curies":[{"name":"wp","href":"https:\/\/api.w.org\/{rel}","templated":true}]}}