{"id":5570,"date":"2016-05-17T12:46:13","date_gmt":"2016-05-17T12:46:13","guid":{"rendered":"https:\/\/www.tsiyapi.com\/sirketimiz\/"},"modified":"2024-02-14T07:02:05","modified_gmt":"2024-02-14T07:02:05","slug":"sirketimiz","status":"publish","type":"page","link":"https:\/\/www.tsiyapi.com\/tr\/sirketimiz\/","title":{"rendered":"\u015eirketimiz"},"content":{"rendered":"<p>[vc_row][vc_column css=&#8221;.vc_custom_1634008428428{margin-top: 0px !important;}&#8221;]<div class=\"mgt-header-block clearfix text-left text-black wpb_content_element  mgt-header-block-style-1 mgt-header-texttransform-none  vc_custom_1634008475612\"><h2 class=\"mgt-header-block-title\">\u015eirketimiz<\/h2><div class=\"mgt-header-line\"><\/div><\/div>[\/vc_column][\/vc_row][vc_row][vc_column][vc_column_text]<span style=\"font-weight: 400;\">\u0130n\u015faat sekt\u00f6r\u00fcnde 2009 y\u0131l\u0131ndan bu yana hizmet veren TSI YAPI, Alanya&#8217;da \u00f6nemli projelere imza att\u0131. \u015eirket profilimiz bug\u00fcne kadar tamamlad\u0131\u011f\u0131 konutlarda dahi iyi bir ya\u015fam sunmay\u0131 hedeflemi\u015f ve ihtiyaca y\u00f6nelik projeler \u00fcretmi\u015ftir. <\/span><\/p>\n<p><span style=\"font-weight: 400;\">\u00c7evre dostu \u00e7al\u0131\u015fma sisteminin yan\u0131 s\u0131ra sa\u011flam ve estetik yap\u0131lar\u0131 ile h\u0131zla b\u00fcy\u00fcyen bir \u015firket haline gelmi\u015ftir. \u0130n\u015faat ve taahh\u00fct i\u015fleri ile gelece\u011fin ihtiya\u00e7lar\u0131na g\u00f6re \u015fekillenen yenilik\u00e7i ve modern projeler \u00fcretmeye devam etmektedir.<\/span>[\/vc_column_text][\/vc_column][\/vc_row][vc_row][vc_column][vc_tta_accordion color=&#8221;black&#8221; c_position=&#8221;right&#8221; active_section=&#8221;1&#8243;][vc_tta_section title=&#8221;\u015eI\u0307RKET MI\u0307SYONUMUZ&#8221; tab_id=&#8221;1460465137169-8fa3dffe-29f8&#8243;][vc_column_text]<span style=\"font-weight: 400;\">Do\u011faya zarar vermeden eri\u015filebilir ya\u015fam alanlar\u0131 tasarlayan, \u00f6zg\u00fcn beklentileri kar\u015f\u0131layan, kalite ve g\u00fcvenden \u00f6d\u00fcn vermeyen bir yap\u0131 markas\u0131 olmak.<\/span>[\/vc_column_text][\/vc_tta_section][vc_tta_section title=&#8221;\u015eI\u0307RKET VI\u0307ZYONUMUZ&#8221; tab_id=&#8221;1460465137231-ccbe90e5-99f5&#8243;][vc_column_text]<span style=\"font-weight: 400;\">Sekt\u00f6rel g\u00fcven, kalite ve \u00f6zg\u00fcnl\u00fck katmak.<\/span>[\/vc_column_text][\/vc_tta_section][\/vc_tta_accordion][vc_empty_space][\/vc_column][\/vc_row][vc_row][vc_column css=&#8221;.vc_custom_1634008428428{margin-top: 0px !important;}&#8221;]<div class=\"mgt-header-block clearfix text-left text-black wpb_content_element  mgt-header-block-style-1 mgt-header-texttransform-none  vc_custom_1639229517000\"><h2 class=\"mgt-header-block-title\">Sertifikalar<\/h2><div class=\"mgt-header-line\"><\/div><\/div>[\/vc_column][\/vc_row][vc_row][vc_column][ucaddon_uc_tiles_grid_image tgi_border_color=&#8221;#ffae23&#8243; tgi_outline_color=&#8221;#ffae23&#8243; uc_init_settings=&#8221;&#8221; uc_items_data=&#8221;JTVCJTdCJTIydGl0bGUlMjIlM0ElMjJUU0ktTWFya2EtVGVzY2lsJTIyJTJDJTIyaW1hZ2UlMjIlM0ElMjJodHRwcyUzQSUyRiUyRnd3dy50c2l5YXBpLmNvbSUyRndwLWNvbnRlbnQlMkZ1cGxvYWRzJTJGMjAyMSUyRjEyJTJGVFNJLU1hcmthLVRlc2NpbC0xLnBuZyUyMiUyQyUyMmRlc2NyaXB0aW9uJTIyJTNBJTIyJTIyJTJDJTIydGh1bWIlMjIlM0ElMjJodHRwcyUzQSUyRiUyRnd3dy50c2l5YXBpLmNvbSUyRndwLWNvbnRlbnQlMkZ1cGxvYWRzJTJGMjAyMSUyRjEyJTJGdW5pdGVjcmVhdG9yX3RodW1icyUyRlRTSS1NYXJrYS1UZXNjaWwtMV8zMDB4MTAwMDAwLnBuZyUyMiU3RCUyQyU3QiUyMnRpdGxlJTIyJTNBJTIyVFNJLVRUUFAtQ2VydGlmaWNhdGUlMjIlMkMlMjJpbWFnZSUyMiUzQSUyMmh0dHBzJTNBJTJGJTJGd3d3LnRzaXlhcGkuY29tJTJGd3AtY29udGVudCUyRnVwbG9hZHMlMkYyMDIxJTJGMTIlMkZUU0ktVFRQUC1DZXJ0aWZpY2F0ZS0xLnBuZyUyMiUyQyUyMmRlc2NyaXB0aW9uJTIyJTNBJTIyJTIyJTJDJTIydGh1bWIlMjIlM0ElMjJodHRwcyUzQSUyRiUyRnd3dy50c2l5YXBpLmNvbSUyRndwLWNvbnRlbnQlMkZ1cGxvYWRzJTJGMjAyMSUyRjEyJTJGdW5pdGVjcmVhdG9yX3RodW1icyUyRlRTSS1UVFBQLUNlcnRpZmljYXRlLTFfMzAweDEwMDAwMC5wbmclMjIlN0QlMkMlN0IlMjJ0aXRsZSUyMiUzQSUyMlRTSS1BTFRTTyUyMiUyQyUyMmltYWdlJTIyJTNBJTIyaHR0cHMlM0ElMkYlMkZ3d3cudHNpeWFwaS5jb20lMkZ3cC1jb250ZW50JTJGdXBsb2FkcyUyRjIwMjElMkYxMiUyRlRTSS1BTFRTTy0xLnBuZyUyMiUyQyUyMmRlc2NyaXB0aW9uJTIyJTNBJTIyJTIyJTJDJTIydGh1bWIlMjIlM0ElMjJodHRwcyUzQSUyRiUyRnd3dy50c2l5YXBpLmNvbSUyRndwLWNvbnRlbnQlMkZ1cGxvYWRzJTJGMjAyMSUyRjEyJTJGdW5pdGVjcmVhdG9yX3RodW1icyUyRlRTSS1BTFRTTy0xXzMwMHgxMDAwMDAucG5nJTIyJTdEJTJDJTdCJTIydGl0bGUlMjIlM0ElMjJURU1BLUNlcnRpZmljYXRlJTIyJTJDJTIyaW1hZ2UlMjIlM0ElMjJodHRwcyUzQSUyRiUyRnd3dy50c2l5YXBpLmNvbSUyRndwLWNvbnRlbnQlMkZ1cGxvYWRzJTJGMjAyMiUyRjAxJTJGVEVNQS1TZXJ0aWZpa2EtMS5qcGclMjIlMkMlMjJkZXNjcmlwdGlvbiUyMiUzQSUyMiUyMiUyQyUyMnRodW1iJTIyJTNBJTIyaHR0cHMlM0ElMkYlMkZ3d3cudHNpeWFwaS5jb20lMkZ3cC1jb250ZW50JTJGdXBsb2FkcyUyRjIwMjIlMkYwMSUyRnVuaXRlY3JlYXRvcl90aHVtYnMlMkZURU1BLVNlcnRpZmlrYS0xXzMwMHgxMDAwMDAuanBnJTIyJTdEJTVE&#8221;][\/vc_column][\/vc_row]<\/p>\n","protected":false},"excerpt":{"rendered":"<p>&#8230;<\/p>\n","protected":false},"author":1,"featured_media":0,"parent":0,"menu_order":0,"comment_status":"closed","ping_status":"closed","template":"","meta":{"footnotes":""},"class_list":["post-5570","page","type-page","status-publish","hentry"],"_links":{"self":[{"href":"https:\/\/www.tsiyapi.com\/tr\/wp-json\/wp\/v2\/pages\/5570","targetHints":{"allow":["GET"]}}],"collection":[{"href":"https:\/\/www.tsiyapi.com\/tr\/wp-json\/wp\/v2\/pages"}],"about":[{"href":"https:\/\/www.tsiyapi.com\/tr\/wp-json\/wp\/v2\/types\/page"}],"author":[{"embeddable":true,"href":"https:\/\/www.tsiyapi.com\/tr\/wp-json\/wp\/v2\/users\/1"}],"replies":[{"embeddable":true,"href":"https:\/\/www.tsiyapi.com\/tr\/wp-json\/wp\/v2\/comments?post=5570"}],"version-history":[{"count":14,"href":"https:\/\/www.tsiyapi.com\/tr\/wp-json\/wp\/v2\/pages\/5570\/revisions"}],"predecessor-version":[{"id":11083,"href":"https:\/\/www.tsiyapi.com\/tr\/wp-json\/wp\/v2\/pages\/5570\/revisions\/11083"}],"wp:attachment":[{"href":"https:\/\/www.tsiyapi.com\/tr\/wp-json\/wp\/v2\/media?parent=5570"}],"curies":[{"name":"wp","href":"https:\/\/api.w.org\/{rel}","templated":true}]}}