{"id":5566,"date":"2016-05-24T07:14:05","date_gmt":"2016-05-24T07:14:05","guid":{"rendered":"https:\/\/www.tsiyapi.com\/tahir-tuluk\/"},"modified":"2026-02-19T11:27:37","modified_gmt":"2026-02-19T11:27:37","slug":"tahir-tuluk","status":"publish","type":"page","link":"https:\/\/www.tsiyapi.com\/tr\/tahir-tuluk\/","title":{"rendered":"Tahir Tuluk"},"content":{"rendered":"<p>[vc_row][vc_column]<div class=\"mgt-header-block clearfix text-left text-black wpb_content_element  mgt-header-block-style-1 mgt-header-texttransform-both  vc_custom_1638299931877\"><h2 class=\"mgt-header-block-title\">Tahir Tuluk<\/h2><p class=\"mgt-header-block-subtitle\">KURUCU ORTAK<\/p><div class=\"mgt-header-line\"><\/div><\/div>[\/vc_column][\/vc_row][vc_row][vc_column width=&#8221;1\/4&#8243;][vc_single_image image=&#8221;3897&#8243; img_size=&#8221;medium&#8221; css_animation=&#8221;left-to-right&#8221;][\/vc_column][vc_column width=&#8221;3\/4&#8243;][vc_column_text css_animation=&#8221;left-to-right&#8221;]1963 y\u0131l\u0131 Alanya do\u011fumlu olan Tahir Tuluk evli ve \u00fc\u00e7 \u00e7ocuk babas\u0131d\u0131r. \u0130lk ve orta\u00f6\u011fretimini Alanya\u2019da, lisans e\u011fitimini York \u00dcniversitesi T\u00fcrkiye \u0130\u015fletme b\u00f6l\u00fcm\u00fcnde tamamlad\u0131.<\/p>\n<p>\u0130\u015f hayat\u0131na 1984 y\u0131l\u0131nda beyaz e\u015fya sekt\u00f6r\u00fcnde kendi i\u015fini kurarak ba\u015flad\u0131. Bug\u00fcn itibar\u0131yla Telekom\u00fcnikasyon, \u0130n\u015faat, Dayan\u0131kl\u0131 T\u00fcketim Mallar\u0131, Tar\u0131m, G\u0131da ve Mobilya sekt\u00f6rlerinde faaliyet g\u00f6steren Tuluk Grup\u2019un Y\u00f6netim Kurulu Ba\u015fkanl\u0131\u011f\u0131\u2019n\u0131 yapmaktad\u0131r.<\/p>\n<p>Tuluk ayr\u0131ca Y\u00f6netim Kurulu \u00dcyesi oldu\u011fu giri\u015fim sermayesi fonlar\u0131yla yaz\u0131l\u0131m sekt\u00f6r\u00fc \u00f6ncelikli olmak \u00fczere gelecek vadeden giri\u015fimlere yat\u0131r\u0131m yapmaktad\u0131r.<\/p>\n<h3><img loading=\"lazy\" decoding=\"async\" class=\"alignnone wp-image-3908 \" src=\"https:\/\/www.tsiyapi.com\/wp-content\/uploads\/2021\/11\/tahur-tuluk-sign.png\" alt=\"\" width=\"206\" height=\"33\" \/><\/h3>\n<p>[\/vc_column_text][\/vc_column][\/vc_row][vc_row css=&#8221;.vc_custom_1464103676838{margin-right: 0px !important;margin-bottom: 50px !important;margin-left: 0px !important;padding-top: 30px !important;padding-right: 30px !important;padding-bottom: 30px !important;padding-left: 30px !important;background: #2a2f35 url(https:\/\/www.tsiyapi.com\/wp-content\/uploads\/2016\/04\/import_placeholder.png?id=1506) !important;background-position: 0 0 !important;background-repeat: repeat !important;}&#8221;][vc_column width=&#8221;1\/3&#8243;]<div class=\"mgt-icon-box wpb_content_element wpb_animate_when_almost_visible wpb_left-to-right mgt-icon-box-right mgt-icon-fa text-white \"><div class=\"mgt-icon-box-icon hvr-icon-push\"><div class=\"mgt-font-icon\"><i class=\"fa fa-phone\"><\/i><\/div><\/div><div class=\"mgt-icon-box-content\"><h5>\u0130leti\u015fim Bilgileri<\/h5><\/p>\n<div class=\"phone\">+90 242 515 04 24<\/div>\n<div class=\"phone\"><a class=\"__cf_email__\" href=\"https:\/\/www.tsiyapi.com\/tr\/project\/alaiye-residence-cikcilli\/alaiye-residence-cikcilli-2\/#\">alanya@tsiyapi.com<\/a><\/div>\n<p><\/div><div class=\"clearfix\"><\/div><\/div>[\/vc_column][vc_column width=&#8221;1\/3&#8243;]<div class=\"mgt-icon-box wpb_content_element wpb_animate_when_almost_visible wpb_left-to-right mgt-icon-box-right mgt-icon-fa text-white \"><div class=\"mgt-icon-box-icon hvr-icon-push\"><div class=\"mgt-font-icon\"><i class=\"fa fa-map\"><\/i><\/div><\/div><div class=\"mgt-icon-box-content\"><h5>Adres Bilgileri<\/h5>Sug\u00f6z\u00fc Mahallesi, Keykubat Bulvar\u0131 No:47 Alanya\/Antalya<\/div><div class=\"clearfix\"><\/div><\/div>[\/vc_column][vc_column width=&#8221;1\/3&#8243;]<div class=\"mgt-icon-box wpb_content_element wpb_animate_when_almost_visible wpb_left-to-right mgt-icon-box-right mgt-icon-fa text-white \"><div class=\"mgt-icon-box-icon hvr-icon-push\"><div class=\"mgt-font-icon\"><i class=\"fa fa-question-circle\"><\/i><\/div><\/div><div class=\"mgt-icon-box-content\"><h5>Yard\u0131mc\u0131 Olabiliriz<\/h5>Bir in\u015faat projeniz mi var?<br \/>\nBize bilgi g\u00f6nderin!<\/div><div class=\"clearfix\"><\/div><\/div>[\/vc_column][\/vc_row][vc_row][vc_column width=&#8221;1\/4&#8243;]<div class=\"mgt-header-block clearfix text-left text-black wpb_content_element  mgt-header-block-style-1 mgt-header-texttransform-subheader  vc_custom_1464103235021\"><h3 class=\"mgt-header-block-title\">Geri D\u00f6n\u00fc\u015f Formu<\/h3><p class=\"mgt-header-block-subtitle\">B\u0130Z\u0130MLE \u0130LET\u0130\u015e\u0130ME GE\u00c7\u0130N<\/p><div class=\"mgt-header-line\"><\/div><\/div>[vc_column_text css_animation=&#8221;left-to-right&#8221;]\u00dccretsiz dan\u0131\u015fmanl\u0131k hizmeti almak istiyorsan\u0131z, l\u00fctfen formu doldurarak ba\u015flay\u0131n:[\/vc_column_text][\/vc_column][vc_column width=&#8221;3\/4&#8243;]\n<div class=\"wpcf7 no-js\" id=\"wpcf7-f5685-o1\" lang=\"tr-TR\" dir=\"ltr\" data-wpcf7-id=\"5685\">\n<div class=\"screen-reader-response\"><p role=\"status\" aria-live=\"polite\" aria-atomic=\"true\"><\/p> <ul><\/ul><\/div>\n<form action=\"\/tr\/wp-json\/wp\/v2\/pages\/5566#wpcf7-f5685-o1\" method=\"post\" class=\"wpcf7-form init\" aria-label=\"\u0130leti\u015fim Formu\" novalidate=\"novalidate\" data-status=\"init\">\n<div style=\"display: none;\">\n<input type=\"hidden\" name=\"_wpcf7\" value=\"5685\" \/>\n<input type=\"hidden\" name=\"_wpcf7_version\" value=\"6.0.2\" \/>\n<input type=\"hidden\" name=\"_wpcf7_locale\" value=\"tr_TR\" \/>\n<input type=\"hidden\" name=\"_wpcf7_unit_tag\" value=\"wpcf7-f5685-o1\" \/>\n<input type=\"hidden\" name=\"_wpcf7_container_post\" value=\"0\" \/>\n<input type=\"hidden\" name=\"_wpcf7_posted_data_hash\" value=\"\" \/>\n<\/div>\n<div class=\"row\">\n\t<div class=\"col-md-6\">\n\t\t<p><span class=\"wpcf7-form-control-wrap\" data-name=\"your-name\"><input size=\"40\" maxlength=\"400\" class=\"wpcf7-form-control wpcf7-text wpcf7-validates-as-required\" aria-required=\"true\" aria-invalid=\"false\" placeholder=\"\u0130sim*\" value=\"\" type=\"text\" name=\"your-name\" \/><\/span>\n\t\t<\/p>\n\t\t<p><span class=\"wpcf7-form-control-wrap\" data-name=\"your-email\"><input size=\"40\" maxlength=\"400\" class=\"wpcf7-form-control wpcf7-email wpcf7-validates-as-required wpcf7-text wpcf7-validates-as-email\" aria-required=\"true\" aria-invalid=\"false\" placeholder=\"Email *\" value=\"\" type=\"email\" name=\"your-email\" \/><\/span>\n\t\t<\/p>\n\t<\/div>\n\t<div class=\"col-md-6\">\n\t\t<p><span class=\"wpcf7-form-control-wrap\" data-name=\"your-company\"><input size=\"40\" maxlength=\"400\" class=\"wpcf7-form-control wpcf7-text\" aria-invalid=\"false\" placeholder=\"\u015eirket\" value=\"\" type=\"text\" name=\"your-company\" \/><\/span>\n\t\t<\/p>\n\t\t<p><span class=\"wpcf7-form-control-wrap\" data-name=\"your-subject\"><input size=\"40\" maxlength=\"400\" class=\"wpcf7-form-control wpcf7-text\" aria-invalid=\"false\" placeholder=\"Konu\" value=\"\" type=\"text\" name=\"your-subject\" \/><\/span>\n\t\t<\/p>\n\t<\/div>\n\t<div class=\"col-md-12\">\n\t\t<p><span class=\"wpcf7-form-control-wrap\" data-name=\"your-message\"><textarea cols=\"40\" rows=\"10\" maxlength=\"2000\" class=\"wpcf7-form-control wpcf7-textarea\" aria-invalid=\"false\" placeholder=\"Mesaj\" name=\"your-message\"><\/textarea><\/span><input class=\"wpcf7-form-control wpcf7-submit has-spinner\" type=\"submit\" value=\"Mesaj\u0131 G\u00f6nder\" \/>\n\t\t<\/p>\n\t<\/div>\n<\/div><div class=\"wpcf7-response-output\" aria-hidden=\"true\"><\/div>\n<\/form>\n<\/div>\n[\/vc_column][\/vc_row]<\/p>\n","protected":false},"excerpt":{"rendered":"<p>&#8230;<\/p>\n","protected":false},"author":1,"featured_media":0,"parent":0,"menu_order":0,"comment_status":"closed","ping_status":"closed","template":"","meta":{"footnotes":""},"class_list":["post-5566","page","type-page","status-publish","hentry"],"_links":{"self":[{"href":"https:\/\/www.tsiyapi.com\/tr\/wp-json\/wp\/v2\/pages\/5566","targetHints":{"allow":["GET"]}}],"collection":[{"href":"https:\/\/www.tsiyapi.com\/tr\/wp-json\/wp\/v2\/pages"}],"about":[{"href":"https:\/\/www.tsiyapi.com\/tr\/wp-json\/wp\/v2\/types\/page"}],"author":[{"embeddable":true,"href":"https:\/\/www.tsiyapi.com\/tr\/wp-json\/wp\/v2\/users\/1"}],"replies":[{"embeddable":true,"href":"https:\/\/www.tsiyapi.com\/tr\/wp-json\/wp\/v2\/comments?post=5566"}],"version-history":[{"count":7,"href":"https:\/\/www.tsiyapi.com\/tr\/wp-json\/wp\/v2\/pages\/5566\/revisions"}],"predecessor-version":[{"id":11451,"href":"https:\/\/www.tsiyapi.com\/tr\/wp-json\/wp\/v2\/pages\/5566\/revisions\/11451"}],"wp:attachment":[{"href":"https:\/\/www.tsiyapi.com\/tr\/wp-json\/wp\/v2\/media?parent=5566"}],"curies":[{"name":"wp","href":"https:\/\/api.w.org\/{rel}","templated":true}]}}