{"id":5564,"date":"2016-05-26T11:43:37","date_gmt":"2016-05-26T11:43:37","guid":{"rendered":"https:\/\/www.tsiyapi.com\/fiyat-teklifi-alin\/"},"modified":"2023-10-02T13:47:37","modified_gmt":"2023-10-02T13:47:37","slug":"fiyat-teklifi-alin","status":"publish","type":"page","link":"https:\/\/www.tsiyapi.com\/tr\/fiyat-teklifi-alin\/","title":{"rendered":"Fiyat teklifi al\u0131n"},"content":{"rendered":"<p>[vc_row full_width=&#8221;stretch_row&#8221;][vc_column]<div class=\"mgt-header-block clearfix text-left text-black wpb_content_element  mgt-header-block-style-1 mgt-header-texttransform-subheader  vc_custom_1674085932320\"><h3 class=\"mgt-header-block-title\">Teklif Formu Al\u0131n<\/h3><p class=\"mgt-header-block-subtitle\">\u0130leti\u015fim<\/p><div class=\"mgt-header-line\"><\/div><\/div>[vc_column_text]Bir fiyat teklifi talep etmek veya Sertifikal\u0131 Y\u00fckleniciler ve hizmetlerimiz hakk\u0131nda genel sorular\u0131n\u0131z i\u00e7in aray\u0131n veya \u00e7evrimi\u00e7i formumuzu g\u00f6nderin. Size hizmet etmek i\u00e7in sab\u0131rs\u0131zlan\u0131yoruz![\/vc_column_text]\n<div class=\"wpcf7 no-js\" id=\"wpcf7-f5686-o1\" lang=\"tr-TR\" dir=\"ltr\" data-wpcf7-id=\"5686\">\n<div class=\"screen-reader-response\"><p role=\"status\" aria-live=\"polite\" aria-atomic=\"true\"><\/p> <ul><\/ul><\/div>\n<form action=\"\/tr\/wp-json\/wp\/v2\/pages\/5564#wpcf7-f5686-o1\" method=\"post\" class=\"wpcf7-form init\" aria-label=\"\u0130leti\u015fim Formu\" enctype=\"multipart\/form-data\" novalidate=\"novalidate\" data-status=\"init\">\n<div style=\"display: none;\">\n<input type=\"hidden\" name=\"_wpcf7\" value=\"5686\" \/>\n<input type=\"hidden\" name=\"_wpcf7_version\" value=\"6.0.2\" \/>\n<input type=\"hidden\" name=\"_wpcf7_locale\" value=\"tr_TR\" \/>\n<input type=\"hidden\" name=\"_wpcf7_unit_tag\" value=\"wpcf7-f5686-o1\" \/>\n<input type=\"hidden\" name=\"_wpcf7_container_post\" value=\"0\" \/>\n<input type=\"hidden\" name=\"_wpcf7_posted_data_hash\" value=\"\" \/>\n<\/div>\n<div class=\"row\">\n\t<div class=\"col-md-6\">\n\t\t<p>\u0130sim\n\t\t<\/p>\n\t\t<p><span class=\"wpcf7-form-control-wrap\" data-name=\"your-name\"><input size=\"40\" maxlength=\"400\" class=\"wpcf7-form-control wpcf7-text wpcf7-validates-as-required\" aria-required=\"true\" aria-invalid=\"false\" value=\"\" type=\"text\" name=\"your-name\" \/><\/span>\n\t\t<\/p>\n\t\t<p>Email\n\t\t<\/p>\n\t\t<p><span class=\"wpcf7-form-control-wrap\" data-name=\"your-email\"><input size=\"40\" maxlength=\"400\" class=\"wpcf7-form-control wpcf7-email wpcf7-validates-as-required wpcf7-text wpcf7-validates-as-email\" aria-required=\"true\" aria-invalid=\"false\" value=\"\" type=\"email\" name=\"your-email\" \/><\/span>\n\t\t<\/p>\n\t\t<p>Konu\n\t\t<\/p>\n\t\t<p><span class=\"wpcf7-form-control-wrap\" data-name=\"your-subject\"><input size=\"40\" maxlength=\"400\" class=\"wpcf7-form-control wpcf7-text\" aria-invalid=\"false\" value=\"\" type=\"text\" name=\"your-subject\" \/><\/span>\n\t\t<\/p>\n\t\t<p>Telefon\n\t\t<\/p>\n\t\t<p><span class=\"wpcf7-form-control-wrap\" data-name=\"ContactPhone\"><input size=\"40\" maxlength=\"400\" class=\"wpcf7-form-control wpcf7-tel wpcf7-validates-as-required wpcf7-text wpcf7-validates-as-tel\" aria-required=\"true\" aria-invalid=\"false\" placeholder=\"telefon no\" value=\"\" type=\"tel\" name=\"ContactPhone\" \/><\/span>\n\t\t<\/p>\n\t<\/div>\n\t<div class=\"col-md-6\">\n\t\t<p>\u015eirket\n\t\t<\/p>\n\t\t<p><span class=\"wpcf7-form-control-wrap\" data-name=\"your-company\"><input size=\"40\" maxlength=\"400\" class=\"wpcf7-form-control wpcf7-text\" aria-invalid=\"false\" value=\"\" type=\"text\" name=\"your-company\" \/><\/span>\n\t\t<\/p>\n\t\t<p>\u00dclke\n\t\t<\/p>\n\t\t<p><span class=\"wpcf7-form-control-wrap\" data-name=\"Country\"><input size=\"40\" maxlength=\"400\" class=\"wpcf7-form-control wpcf7-text\" aria-invalid=\"false\" value=\"\" type=\"text\" name=\"Country\" \/><\/span>\n\t\t<\/p>\n\t\t<p>Arama zaman\u0131\n\t\t<\/p>\n\t\t<p><span class=\"wpcf7-form-control-wrap\" data-name=\"Time\"><select class=\"wpcf7-form-control wpcf7-select\" aria-invalid=\"false\" name=\"Time\"><option value=\"Se\u00e7in...\">Se\u00e7in...<\/option><option value=\"08-10\">08-10<\/option><option value=\"10-12\">10-12<\/option><option value=\"12-14\">12-14<\/option><option value=\"14-16\">14-16<\/option><\/select><\/span>\n\t\t<\/p>\n\t\t<p>Ek dosya\n\t\t<\/p>\n\t\t<p><span class=\"wpcf7-form-control-wrap\" data-name=\"File\"><input size=\"40\" class=\"wpcf7-form-control wpcf7-file\" accept=\".jpg.zip\" aria-invalid=\"false\" type=\"file\" name=\"File\" \/><\/span>\n\t\t<\/p>\n\t<\/div>\n\t<div class=\"col-md-12\">\n\t\t<p>A\u00e7\u0131klama\n\t\t<\/p>\n\t\t<p><span class=\"wpcf7-form-control-wrap\" data-name=\"your-description\"><textarea cols=\"40\" rows=\"10\" maxlength=\"2000\" class=\"wpcf7-form-control wpcf7-textarea\" aria-invalid=\"false\" name=\"your-description\"><\/textarea><\/span><input class=\"wpcf7-form-control wpcf7-submit has-spinner\" type=\"submit\" value=\"MEsaj\u0131 G\u00f6nder\" \/>\n\t\t<\/p>\n\t<\/div>\n<\/div><div class=\"wpcf7-response-output\" aria-hidden=\"true\"><\/div>\n<\/form>\n<\/div>\n[\/vc_column][\/vc_row]<\/p>\n","protected":false},"excerpt":{"rendered":"<p>&#8230;<\/p>\n","protected":false},"author":1,"featured_media":0,"parent":0,"menu_order":0,"comment_status":"closed","ping_status":"closed","template":"","meta":{"footnotes":""},"class_list":["post-5564","page","type-page","status-publish","hentry"],"_links":{"self":[{"href":"https:\/\/www.tsiyapi.com\/tr\/wp-json\/wp\/v2\/pages\/5564","targetHints":{"allow":["GET"]}}],"collection":[{"href":"https:\/\/www.tsiyapi.com\/tr\/wp-json\/wp\/v2\/pages"}],"about":[{"href":"https:\/\/www.tsiyapi.com\/tr\/wp-json\/wp\/v2\/types\/page"}],"author":[{"embeddable":true,"href":"https:\/\/www.tsiyapi.com\/tr\/wp-json\/wp\/v2\/users\/1"}],"replies":[{"embeddable":true,"href":"https:\/\/www.tsiyapi.com\/tr\/wp-json\/wp\/v2\/comments?post=5564"}],"version-history":[{"count":4,"href":"https:\/\/www.tsiyapi.com\/tr\/wp-json\/wp\/v2\/pages\/5564\/revisions"}],"predecessor-version":[{"id":5689,"href":"https:\/\/www.tsiyapi.com\/tr\/wp-json\/wp\/v2\/pages\/5564\/revisions\/5689"}],"wp:attachment":[{"href":"https:\/\/www.tsiyapi.com\/tr\/wp-json\/wp\/v2\/media?parent=5564"}],"curies":[{"name":"wp","href":"https:\/\/api.w.org\/{rel}","templated":true}]}}