{"id":5544,"date":"2016-05-23T17:02:54","date_gmt":"2016-05-23T17:02:54","guid":{"rendered":"https:\/\/www.tsiyapi.com\/sss\/"},"modified":"2024-02-14T07:03:40","modified_gmt":"2024-02-14T07:03:40","slug":"sss","status":"publish","type":"page","link":"https:\/\/www.tsiyapi.com\/tr\/sss\/","title":{"rendered":"SSS"},"content":{"rendered":"<p>[vc_row][vc_column]<div class=\"mgt-header-block clearfix text-left text-black wpb_content_element  mgt-header-block-style-1 mgt-header-texttransform-none \"><h2 class=\"mgt-header-block-title\">S\u0131k\u00e7a Sorulan Sorular<\/h2><div class=\"mgt-header-line\"><\/div><\/div>[\/vc_column][\/vc_row][vc_row][vc_column][vc_separator][\/vc_column][\/vc_row][vc_row][vc_column][vc_toggle title=&#8221;Yat\u0131r\u0131m yaparak \/ m\u00fclk sat\u0131n alarak T\u00fcrk Vatanda\u015fl\u0131\u011f\u0131 nas\u0131l kazan\u0131l\u0131r?&#8221; color=&#8221;orange&#8221; size=&#8221;lg&#8221; css_animation=&#8221;left-to-right&#8221;]<\/p>\n<div class=\"wpb_text_column wpb_content_element \">\n<div class=\"wpb_wrapper\">\n<p>En az 400.000 ABD Dolar\u0131 veya e\u015fde\u011feri d\u00f6viz ya da T\u00fcrk Liras\u0131 de\u011ferinde, \u00c7evre ve \u015eehircilik Bakanl\u0131\u011f\u0131 taraf\u0131ndan onaylanm\u0131\u015f, en az \u00fc\u00e7 y\u0131l boyunca yeniden sat\u0131\u015f\u0131na ili\u015fkin tapu k\u0131s\u0131tlamas\u0131 olan bir m\u00fclk edinmi\u015f olmak.<\/p>\n<p>Sanayi ve Teknoloji Bakanl\u0131\u011f\u0131 taraf\u0131ndan onaylanm\u0131\u015f asgari 500.000 ABD Dolar\u0131 veya e\u015fde\u011feri d\u00f6viz ya da T\u00fcrk Liras\u0131 tutar\u0131nda sabit sermaye yat\u0131r\u0131m\u0131 yapm\u0131\u015f olmas\u0131<\/p>\n<p>Kaynak: <a href=\"https:\/\/www.invest.gov.tr\/en\/investmentguide\/pages\/acquiring-property-and-citizenship.aspx\" target=\"_blank\" rel=\"noopener\">https:\/\/www.invest.gov.tr\/en\/investmentguide\/pages\/acquiring-property-and-citizenship.aspx<\/a><\/p>\n<\/div>\n<\/div>\n<p>[\/vc_toggle][vc_separator][vc_toggle title=&#8221;Para birimi ilk olarak sat\u0131c\u0131n\u0131n hesab\u0131na aktar\u0131ld\u0131ktan sonra bankada de\u011fi\u015ftirilebilir mi?&#8221; color=&#8221;orange&#8221; size=&#8221;lg&#8221; css_animation=&#8221;left-to-right&#8221;]D\u00f6viz, \u00f6nce al\u0131c\u0131 taraf\u0131ndan sat\u0131c\u0131n\u0131n hesab\u0131na, daha sonra sat\u0131c\u0131 taraf\u0131ndan merkez bankas\u0131 ile de\u011fi\u015ftirilmek \u00fczere bir bankaya sat\u0131labilir. Buradaki kritik nokta, d\u00f6viz al\u0131m belgesinin i\u015flemden \u00f6nce yap\u0131lm\u0131\u015f olmas\u0131 gerekti\u011fidir.**<\/p>\n<p>**\u00d6rne\u011fin, yabanc\u0131 uyruklu J.S.&#8217;nin yurt d\u0131\u015f\u0131 banka hesab\u0131ndan, Ayd\u0131n ili, Didim il\u00e7esi, \u00c7aml\u0131k mah. 101 ada, 5 parsel say\u0131l\u0131 ba\u011f\u0131ms\u0131z b\u00f6l\u00fcm\u00fcn sat\u0131\u015f bedeli 270.000 USD, gayrimenkul sat\u0131c\u0131s\u0131 T\u00fcrk vatanda\u015f\u0131 BZ. 101, Ayd\u0131n ili, Didim il\u00e7esi, \u00c7aml\u0131k mah, 270.000 USD, sat\u0131\u015f bedelinin gayrimenkul sat\u0131c\u0131s\u0131 T\u00fcrk vatanda\u015f\u0131 BZ&#8217;nin Ziraat Bankas\u0131 Didim \u015fubesindeki USD hesab\u0131na aktar\u0131lmas\u0131ndan sonra, gayrimenkul sat\u0131c\u0131s\u0131 BZ taraf\u0131ndan bu tutar\u0131n (270.000 USD) yabanc\u0131 uyruklu J.S. ad\u0131na Merkez Bankas\u0131na sat\u0131ld\u0131\u011f\u0131n\u0131 g\u00f6steren &#8220;D\u00f6viz Al\u0131m Belgesi&#8221; ve yabanc\u0131 uyruklu J.S. taraf\u0131ndan g\u00f6nderilen d\u00f6viz transferine ili\u015fkin onayl\u0131 banka dekontunun Tapu Sicil M\u00fcd\u00fcrl\u00fc\u011f\u00fcne ibraz edilmesi gerekmektedir.<\/p>\n<p>K\u0131saca ifade edildi\u011finde; D\u00f6viz Al\u0131m Belgesi + onayl\u0131 TL \u00f6deme dekontu veya onayl\u0131 (USD D\u00f6viz) \u00f6deme dekontu + D\u00f6viz Al\u0131m Belgesi; d\u00f6viz sat\u0131\u015f i\u015flemi ve dekont tarihi \u00f6ncelikleri de\u011fi\u015febilir.<\/p>\n<p>Daha Fazla Bilgi \u0130\u00e7in L\u00dcTFEN Kontrol Edin; <a href=\"https:\/\/www.tkgm.gov.tr\/en\/node\/9112\" target=\"_blank\" rel=\"noopener\">https:\/\/www.tkgm.gov.tr\/en\/node\/9112<\/a>[\/vc_toggle][vc_separator][vc_toggle title=&#8221;Yabanc\u0131lar\u0131n al\u0131c\u0131 oldu\u011fu sat\u0131\u015f i\u015flemlerinde d\u00f6viz bozdurma zorunlulu\u011fu var m\u0131d\u0131r?&#8221; color=&#8221;orange&#8221; size=&#8221;lg&#8221; css_animation=&#8221;left-to-right&#8221; el_id=&#8221;1464023080220-9edce617-0da2&#8243;]T.C. Merkez Bankas\u0131&#8217;n\u0131n Sermaye Hareketleri Genelgesi&#8217;nin 13. maddesi, T\u00fcrk Vatanda\u015fl\u0131\u011f\u0131 Kanunu&#8217;nun Uygulanmas\u0131na \u0130li\u015fkin Y\u00f6netmelik ve T\u00fcrkiye Cumhuriyet Merkez Bankas\u0131&#8217;na D\u00f6viz Sat\u0131\u015f\u0131 Uygulama Talimat\u0131, yabanc\u0131lar\u0131n al\u0131c\u0131 oldu\u011fu i\u015flemlerde Merkez Bankas\u0131&#8217;na d\u00f6viz bozdurma yetkisi getirmi\u015ftir. Bu kapsamda T\u00fcrkiye Cumhuriyeti ile vatanda\u015fl\u0131k ba\u011f\u0131 bulunmayan ki\u015filerin T\u00fcrkiye&#8217;de sat\u0131n alacaklar\u0131 gayrimenkul\u00fcn bedelini d\u00f6viz olarak \u00f6demeleri gerekmektedir. Bu d\u00f6viz, tapu i\u015flemlerinden \u00f6nce gerek\u00e7e belirtilerek bir bankaya, banka taraf\u0131ndan da Merkez Bankas\u0131&#8217;na sat\u0131l\u0131r. \u00d6deme ilgililere T\u00fcrk Liras\u0131 olarak yap\u0131l\u0131r.<\/p>\n<p>Daha Fazla Bilgi \u0130\u00e7in L\u00dcTFEN Kontrol Edin; <a href=\"https:\/\/www.tkgm.gov.tr\/en\/node\/9112\" target=\"_blank\" rel=\"noopener\">https:\/\/www.tkgm.gov.tr\/en\/node\/9112<\/a>[\/vc_toggle][vc_separator][vc_toggle title=&#8221;Vatanda\u015fl\u0131k i\u015flemleri i\u00e7in d\u00f6viz bozdurma zorunlulu\u011fu var m\u0131?&#8221; color=&#8221;orange&#8221; size=&#8221;lg&#8221; css_animation=&#8221;left-to-right&#8221;]Al\u0131c\u0131n\u0131n yabanc\u0131 olmas\u0131 halinde, gerek ta\u015f\u0131nmaz edinimi yoluyla vatanda\u015fl\u0131k kazan\u0131lmas\u0131nda gerekse vatanda\u015fl\u0131\u011fa konu olmayacak al\u0131mlarda, d\u00f6vizin T\u00fcrkiye&#8217;de faaliyet g\u00f6steren bir banka ve ilgili banka taraf\u0131ndan Merkez Bankas\u0131 nezdinde bozdurulmas\u0131 zorunludur.<\/p>\n<p>Daha Fazla Bilgi \u0130\u00e7in L\u00dcTFEN Kontrol Edin; <a href=\"https:\/\/www.tkgm.gov.tr\/en\/node\/9112\" target=\"_blank\" rel=\"noopener\">https:\/\/www.tkgm.gov.tr\/en\/node\/9112<\/a>[\/vc_toggle][vc_separator][vc_toggle title=&#8221;Kat irtifak\u0131 nedir?&#8221; size=&#8221;lg&#8221; css_animation=&#8221;left-to-right&#8221; el_id=&#8221;1464023079758-63c0baee-7051&#8243;]Bir arsa \u00fczerinde Kat M\u00fclkiyeti Kanunu&#8217;na tabi olarak yap\u0131lacak bir in\u015faat\u0131n proje onay\u0131ndan sonra kat m\u00fclkiyetine ge\u00e7i\u015fine esas olacak ba\u011f\u0131ms\u0131z b\u00f6l\u00fcmlerin tapu siciline tescil edilmesi anlam\u0131na gelmektedir.[\/vc_toggle][vc_separator][vc_toggle title=&#8221;Dairelerin teslim s\u00fcresi ne kadard\u0131r?&#8221; size=&#8221;lg&#8221; css_animation=&#8221;left-to-right&#8221;]TSI YAPI teslim s\u00fcresi projeye ba\u011fl\u0131 olarak 12 ay ile 30 ay aras\u0131nda de\u011fi\u015fmektedir.[\/vc_toggle][vc_separator][vc_toggle title=&#8221;Vatanda\u015fl\u0131k Ba\u015fvurusu \u0130\u00e7in Gerekli Belgeler Nelerdir?&#8221; size=&#8221;lg&#8221; css_animation=&#8221;left-to-right&#8221;]* Ta\u015f\u0131nmaza ait tapu senedi veya tapu bilgileri,<\/p>\n<p>* Uyruk bilgilerini g\u00f6steren Pasaport \/ \u00dclke Kimli\u011fi (gerekirse terc\u00fcmesi ile birlikte),<\/p>\n<p>* Gayrimenkul De\u011ferleme (Ekspertiz) Raporu<\/p>\n<p>* Ta\u015f\u0131nmaz\u0131n belediyeden al\u0131nm\u0131\u015f &#8220;Gayrimenkul Rayi\u00e7 De\u011fer Belgesi&#8221; (Baz\u0131 belediyelerde kald\u0131r\u0131lm\u0131\u015ft\u0131r)<\/p>\n<p>* Binalar (konut, i\u015fyeri&#8230; vb.) i\u00e7in zorunlu deprem sigortas\u0131 poli\u00e7esi,<\/p>\n<p>* Kimlik Bilgileri Beyan Formu ve Foto\u011fraf (son 6 ay i\u00e7inde, 6&#215;4 ebad\u0131nda),<\/p>\n<p>* Yabanc\u0131 Kimlik Numaras\u0131 Tespiti (G\u00f6\u00e7 netten yan\u0131t al\u0131namamas\u0131 durumunda vergi numaras\u0131 ile<\/p>\n<p>i\u015fleme devam edilebilir).<\/p>\n<p>* Banka onayl\u0131 makbuz,<\/p>\n<p>* T\u00fcrk\u00e7e bilmeyen taraf i\u00e7in yeminli terc\u00fcman (B\u00f6lge Adli Yarg\u0131 Adalet Komisyonu veya Adli Yarg\u0131 \u0130lk Derece Mahkemesi Adalet Komisyonu Ba\u015fkanl\u0131\u011f\u0131 taraf\u0131ndan<\/p>\n<p>yetkili)<\/p>\n<p>* Temsil varsa temsile ili\u015fkin belge (yurt d\u0131\u015f\u0131nda d\u00fczenlenmi\u015f vekaletname ile i\u015flem yap\u0131lmas\u0131)<\/p>\n<p>2015\/5 (1767) say\u0131l\u0131 genelge ile \u015fartlar\u0131n sa\u011flanmas\u0131 halinde<\/p>\n<p>gerekli.)[\/vc_toggle][vc_separator][vc_toggle title=&#8221;T\u00fcrk vatanda\u015fl\u0131\u011f\u0131 almak i\u00e7in sat\u0131n al\u0131nacak ta\u015f\u0131nmaz say\u0131s\u0131 birden fazla olabilir mi?&#8221; size=&#8221;lg&#8221; css_animation=&#8221;left-to-right&#8221;]Sat\u0131\u015f yoluyla edinilecek veya sat\u0131\u015f vaadine konu edilecek ta\u015f\u0131nmazlar\u0131n say\u0131s\u0131na ili\u015fkin herhangi bir s\u0131n\u0131rlama bulunmamaktad\u0131r. Y\u00f6netmelikte belirtilen tarihlerde aranan de\u011fer<\/p>\n<p>Toplamlar\u0131 bulmak \u00f6nemlidir.[\/vc_toggle][\/vc_column][\/vc_row]<\/p>\n","protected":false},"excerpt":{"rendered":"<p>&#8230;<\/p>\n","protected":false},"author":1,"featured_media":0,"parent":0,"menu_order":0,"comment_status":"closed","ping_status":"closed","template":"","meta":{"footnotes":""},"class_list":["post-5544","page","type-page","status-publish","hentry"],"_links":{"self":[{"href":"https:\/\/www.tsiyapi.com\/tr\/wp-json\/wp\/v2\/pages\/5544","targetHints":{"allow":["GET"]}}],"collection":[{"href":"https:\/\/www.tsiyapi.com\/tr\/wp-json\/wp\/v2\/pages"}],"about":[{"href":"https:\/\/www.tsiyapi.com\/tr\/wp-json\/wp\/v2\/types\/page"}],"author":[{"embeddable":true,"href":"https:\/\/www.tsiyapi.com\/tr\/wp-json\/wp\/v2\/users\/1"}],"replies":[{"embeddable":true,"href":"https:\/\/www.tsiyapi.com\/tr\/wp-json\/wp\/v2\/comments?post=5544"}],"version-history":[{"count":7,"href":"https:\/\/www.tsiyapi.com\/tr\/wp-json\/wp\/v2\/pages\/5544\/revisions"}],"predecessor-version":[{"id":11087,"href":"https:\/\/www.tsiyapi.com\/tr\/wp-json\/wp\/v2\/pages\/5544\/revisions\/11087"}],"wp:attachment":[{"href":"https:\/\/www.tsiyapi.com\/tr\/wp-json\/wp\/v2\/media?parent=5544"}],"curies":[{"name":"wp","href":"https:\/\/api.w.org\/{rel}","templated":true}]}}