{"id":5525,"date":"2016-04-14T09:41:12","date_gmt":"2016-04-14T09:41:12","guid":{"rendered":"https:\/\/www.tsiyapi.com\/yeni-yapilar\/"},"modified":"2024-03-23T23:36:50","modified_gmt":"2024-03-23T23:36:50","slug":"yeni-yapilar","status":"publish","type":"page","link":"https:\/\/www.tsiyapi.com\/tr\/hizmetler\/yeni-yapilar\/","title":{"rendered":"Yap\u0131lar"},"content":{"rendered":"<p>[vc_row][vc_column width=&#8221;1\/2&#8243; css=&#8221;.vc_custom_1460641256688{margin-right: 0px !important;padding-right: 0px !important;}&#8221;]<style scoped='scoped'>.mgt-promo-block-36261014417.mgt-promo-block .mgt-promo-block-content h2 {font-size: 30px;line-height: normal!important;}<\/style><div class=\"mgt-promo-block black-text text-size-normal no-darken mgt-promo-block-36261014417 wpb_content_element\" data-style=\"background-color: #f5f5f5;width: 100%; height: 400px;\"><div class=\"mgt-promo-block-content\"><div class=\"mgt-promo-block-content-inside vc_custom_1707893533809\">\n<h2 style=\"text-align: left\">Yap\u0131lar<\/h2>\n<p style=\"text-align: left\">Her ayr\u0131nt\u0131 d\u00fc\u015f\u00fcn\u00fclerek tasarlanm\u0131\u015f ve yaln\u0131zca en iyi malzemeler ve kalite standartlar\u0131yla \u00fcretilmi\u015ftir, b\u00f6ylece endi\u015felenmenize gerek kalmaz.\n<div class=\"mgt-button-wrapper mgt-button-wrapper-align-left mgt-button-wrapper-display-newline mgt-button-top-margin-enable\"><a class=\"btn hvr-bounce-to-right mgt-button mgt-style-solid mgt-size-normal mgt-align-left mgt-display-newline mgt-text-size-normal mgt-button-icon-position-left mgt-text-transform-uppercase \" href=\"https:\/\/www.tsiyapi.com\/tr\/fiyat-teklifi-alin\/\">Teklif Al<\/a><\/div><\/div><\/div><\/div>[\/vc_column][vc_column width=&#8221;1\/2&#8243; css=&#8221;.vc_custom_1460641327282{margin-left: 0px !important;padding-left: 0px !important;}&#8221;]<style scoped='scoped'>.mgt-promo-block-36261014317.mgt-promo-block .mgt-promo-block-content h2 {font-size: 30px;line-height: normal!important;}<\/style><div class=\"mgt-promo-block black-text cover-image text-size-normal no-darken mgt-promo-block-36261014317 wpb_content_element\" data-style=\"background-color: #f5f5f5;background-image: url(https:\/\/www.tsiyapi.com\/wp-content\/uploads\/2024\/03\/01_-min-scaled.jpg);background-repeat: no-repeat;width: 100%; height: 400px;\"><div class=\"mgt-promo-block-content\"><div class=\"mgt-promo-block-content-inside\"><\/div><\/div><\/div>[\/vc_column][\/vc_row][vc_row][vc_column][vc_empty_space height=&#8221;30px&#8221;][\/vc_column][\/vc_row][vc_row css=&#8221;.vc_custom_1460536155154{margin-right: -25px !important;margin-left: -15px !important;}&#8221;][vc_column][vc_images_carousel images=&#8221;9714,9064,8907,9004,11302&#8243; img_size=&#8221;full&#8221; slides_per_view=&#8221;3&#8243; hide_pagination_control=&#8221;yes&#8221; wrap=&#8221;yes&#8221; css=&#8221;.vc_custom_1711237007223{margin-left: -10px !important;}&#8221;][\/vc_column][\/vc_row][vc_row][vc_column]<div class=\"mgt-header-block clearfix text-left text-black wpb_content_element  mgt-header-block-style-1 mgt-header-texttransform-none  vc_custom_1707893541931\"><h3 class=\"mgt-header-block-title\">Yap\u0131lar<\/h3><div class=\"mgt-header-line\"><\/div><\/div>[vc_column_text]Her ayr\u0131nt\u0131 d\u00fc\u015f\u00fcn\u00fclerek tasarlanm\u0131\u015f ve yaln\u0131zca en iyi malzemeler ve kalite standartlar\u0131yla \u00fcretilmi\u015ftir, b\u00f6ylece endi\u015felenmenize gerek kalmaz.<\/p>\n<p>Kurumsal m\u00fc\u015fterilerimiz her zaman en iyi yetenekleri i\u015fe almak ister ve en son teknolojiyi, g\u00fcvenli\u011fi ve olanaklar\u0131 sa\u011flayabilmelidir. T\u00fcm bunlar, g\u00fcn\u00fcm\u00fcz\u00fcn rekabet\u00e7i ortam\u0131nda rakiplerine rakip olmal\u0131d\u0131r.[\/vc_column_text][\/vc_column][\/vc_row][vc_row][vc_column][vc_separator][\/vc_column][\/vc_row]<\/p>\n","protected":false},"excerpt":{"rendered":"<p>&#8230;<\/p>\n","protected":false},"author":1,"featured_media":0,"parent":5520,"menu_order":0,"comment_status":"closed","ping_status":"closed","template":"","meta":{"footnotes":""},"class_list":["post-5525","page","type-page","status-publish","hentry"],"_links":{"self":[{"href":"https:\/\/www.tsiyapi.com\/tr\/wp-json\/wp\/v2\/pages\/5525","targetHints":{"allow":["GET"]}}],"collection":[{"href":"https:\/\/www.tsiyapi.com\/tr\/wp-json\/wp\/v2\/pages"}],"about":[{"href":"https:\/\/www.tsiyapi.com\/tr\/wp-json\/wp\/v2\/types\/page"}],"author":[{"embeddable":true,"href":"https:\/\/www.tsiyapi.com\/tr\/wp-json\/wp\/v2\/users\/1"}],"replies":[{"embeddable":true,"href":"https:\/\/www.tsiyapi.com\/tr\/wp-json\/wp\/v2\/comments?post=5525"}],"version-history":[{"count":6,"href":"https:\/\/www.tsiyapi.com\/tr\/wp-json\/wp\/v2\/pages\/5525\/revisions"}],"predecessor-version":[{"id":11320,"href":"https:\/\/www.tsiyapi.com\/tr\/wp-json\/wp\/v2\/pages\/5525\/revisions\/11320"}],"up":[{"embeddable":true,"href":"https:\/\/www.tsiyapi.com\/tr\/wp-json\/wp\/v2\/pages\/5520"}],"wp:attachment":[{"href":"https:\/\/www.tsiyapi.com\/tr\/wp-json\/wp\/v2\/media?parent=5525"}],"curies":[{"name":"wp","href":"https:\/\/api.w.org\/{rel}","templated":true}]}}