{"id":5522,"date":"2016-04-14T10:48:04","date_gmt":"2016-04-14T10:48:04","guid":{"rendered":"https:\/\/www.tsiyapi.com\/bize-ulasin\/"},"modified":"2023-01-18T20:08:22","modified_gmt":"2023-01-18T20:08:22","slug":"bize-ulasin","status":"publish","type":"page","link":"https:\/\/www.tsiyapi.com\/tr\/bize-ulasin\/","title":{"rendered":"Bize ula\u015f\u0131n"},"content":{"rendered":"<p>[vc_row css=&#8221;.vc_custom_1464180624950{margin-bottom: 30px !important;}&#8221;][vc_column][vc_gmaps link=&#8221;#E-8_JTNDaWZyYW1lJTIwc3JjJTNEJTIyaHR0cHMlM0ElMkYlMkZ3d3cuZ29vZ2xlLmNvbSUyRm1hcHMlMkZlbWJlZCUzRnBiJTNEJTIxMW0xOCUyMTFtMTIlMjExbTMlMjExZDYzMDQuODI5OTg2MTMxMjcxJTIxMmQtMTIyLjQ3NDY5NjgwMzMwOTIlMjEzZDM3LjgwMzc0NzUyMTYwNDQzJTIxMm0zJTIxMWYwJTIxMmYwJTIxM2YwJTIxM20yJTIxMWkxMDI0JTIxMmk3NjglMjE0ZjEzLjElMjEzbTMlMjExbTIlMjExczB4ODA4NTg2ZTYzMDI2MTVhMSUyNTNBMHg4NmJkMTMwMjUxNzU3YzAwJTIxMnNTdG9yZXklMkJBdmUlMjUyQyUyQlNhbiUyQkZyYW5jaXNjbyUyNTJDJTJCQ0ElMkI5NDEyOSUyMTVlMCUyMTNtMiUyMTFzZW4lMjEyc3VzJTIxNHYxNDM1ODI2NDMyMDUxJTIyJTIwd2lkdGglM0QlMjI2MDAlMjIlMjBoZWlnaHQlM0QlMjI0NTAlMjIlMjBmcmFtZWJvcmRlciUzRCUyMjAlMjIlMjBzdHlsZSUzRCUyMmJvcmRlciUzQTAlMjIlMjBhbGxvd2Z1bGxzY3JlZW4lM0QlMjIlMjIlM0UlM0MlMkZpZnJhbWUlM0U=&#8221;][\/vc_column][\/vc_row][vc_row][vc_column width=&#8221;1\/2&#8243;]<div class=\"mgt-header-block clearfix text-left text-black wpb_content_element  mgt-header-block-style-1 mgt-header-texttransform-subheader  vc_custom_1464103235021\"><h3 class=\"mgt-header-block-title\">Feedback form<\/h3><p class=\"mgt-header-block-subtitle\">contact with us<\/p><div class=\"mgt-header-line\"><\/div><\/div>[vc_column_text css_animation=&#8221;left-to-right&#8221;]\u00dccretsiz dan\u0131\u015fmanl\u0131k hizmeti almak istiyorsan\u0131z, l\u00fctfen formu doldurarak ba\u015flay\u0131n:[\/vc_column_text]\n<div class=\"wpcf7 no-js\" id=\"wpcf7-f5685-o1\" lang=\"tr-TR\" dir=\"ltr\" data-wpcf7-id=\"5685\">\n<div class=\"screen-reader-response\"><p role=\"status\" aria-live=\"polite\" aria-atomic=\"true\"><\/p> <ul><\/ul><\/div>\n<form action=\"\/tr\/wp-json\/wp\/v2\/pages\/5522#wpcf7-f5685-o1\" method=\"post\" class=\"wpcf7-form init\" aria-label=\"\u0130leti\u015fim Formu\" novalidate=\"novalidate\" data-status=\"init\">\n<div style=\"display: none;\">\n<input type=\"hidden\" name=\"_wpcf7\" value=\"5685\" \/>\n<input type=\"hidden\" name=\"_wpcf7_version\" value=\"6.0.2\" \/>\n<input type=\"hidden\" name=\"_wpcf7_locale\" value=\"tr_TR\" \/>\n<input type=\"hidden\" name=\"_wpcf7_unit_tag\" value=\"wpcf7-f5685-o1\" \/>\n<input type=\"hidden\" name=\"_wpcf7_container_post\" value=\"0\" \/>\n<input type=\"hidden\" name=\"_wpcf7_posted_data_hash\" value=\"\" \/>\n<\/div>\n<div class=\"row\">\n\t<div class=\"col-md-6\">\n\t\t<p><span class=\"wpcf7-form-control-wrap\" data-name=\"your-name\"><input size=\"40\" maxlength=\"400\" class=\"wpcf7-form-control wpcf7-text wpcf7-validates-as-required\" aria-required=\"true\" aria-invalid=\"false\" placeholder=\"\u0130sim*\" value=\"\" type=\"text\" name=\"your-name\" \/><\/span>\n\t\t<\/p>\n\t\t<p><span class=\"wpcf7-form-control-wrap\" data-name=\"your-email\"><input size=\"40\" maxlength=\"400\" class=\"wpcf7-form-control wpcf7-email wpcf7-validates-as-required wpcf7-text wpcf7-validates-as-email\" aria-required=\"true\" aria-invalid=\"false\" placeholder=\"Email *\" value=\"\" type=\"email\" name=\"your-email\" \/><\/span>\n\t\t<\/p>\n\t<\/div>\n\t<div class=\"col-md-6\">\n\t\t<p><span class=\"wpcf7-form-control-wrap\" data-name=\"your-company\"><input size=\"40\" maxlength=\"400\" class=\"wpcf7-form-control wpcf7-text\" aria-invalid=\"false\" placeholder=\"\u015eirket\" value=\"\" type=\"text\" name=\"your-company\" \/><\/span>\n\t\t<\/p>\n\t\t<p><span class=\"wpcf7-form-control-wrap\" data-name=\"your-subject\"><input size=\"40\" maxlength=\"400\" class=\"wpcf7-form-control wpcf7-text\" aria-invalid=\"false\" placeholder=\"Konu\" value=\"\" type=\"text\" name=\"your-subject\" \/><\/span>\n\t\t<\/p>\n\t<\/div>\n\t<div class=\"col-md-12\">\n\t\t<p><span class=\"wpcf7-form-control-wrap\" data-name=\"your-message\"><textarea cols=\"40\" rows=\"10\" maxlength=\"2000\" class=\"wpcf7-form-control wpcf7-textarea\" aria-invalid=\"false\" placeholder=\"Mesaj\" name=\"your-message\"><\/textarea><\/span><input class=\"wpcf7-form-control wpcf7-submit has-spinner\" type=\"submit\" value=\"Mesaj\u0131 G\u00f6nder\" \/>\n\t\t<\/p>\n\t<\/div>\n<\/div><div class=\"wpcf7-response-output\" aria-hidden=\"true\"><\/div>\n<\/form>\n<\/div>\n[\/vc_column][vc_column width=&#8221;1\/2&#8243;]<div class=\"mgt-header-block clearfix text-left text-black wpb_content_element  mgt-header-block-style-1 mgt-header-texttransform-subheader  vc_custom_1464169100638\"><h3 class=\"mgt-header-block-title\">\u0130leti\u015fim Bilgileri<\/h3><p class=\"mgt-header-block-subtitle\">details<\/p><div class=\"mgt-header-line\"><\/div><\/div><div class=\"mgt-icon-box wpb_content_element wpb_animate_when_almost_visible wpb_left-to-right mgt-icon-box-right mgt-icon-fa text-black \"><div class=\"mgt-icon-box-icon hvr-icon-push\"><div class=\"mgt-font-icon\"><i class=\"fa fa-map\"><\/i><\/div><\/div><div class=\"mgt-icon-box-content\"><h5>Adres Bilgileri<\/h5>1901 Avenue of the Stars<br \/>\nSuite 200<br \/>\nWashington, CA 90067<\/div><div class=\"clearfix\"><\/div><\/div><div class=\"mgt-icon-box wpb_content_element wpb_animate_when_almost_visible wpb_left-to-right mgt-icon-box-right mgt-icon-fa text-black \"><div class=\"mgt-icon-box-icon hvr-icon-push\"><div class=\"mgt-font-icon\"><i class=\"fa fa-phone\"><\/i><\/div><\/div><div class=\"mgt-icon-box-content\"><h5>\u0130leti\u015fim Bilgileri<\/h5>+1 628 123 4000<br \/>\n<a href=\"https:\/\/www.tsiyapi.com\/team-member\/\">edinson@thebuilt.com<\/a><\/div><div class=\"clearfix\"><\/div><\/div><div class=\"mgt-icon-box wpb_content_element wpb_animate_when_almost_visible wpb_left-to-right mgt-icon-box-right mgt-icon-fa text-black \"><div class=\"mgt-icon-box-icon hvr-icon-push\"><div class=\"mgt-font-icon\"><i class=\"fa fa-calendar\"><\/i><\/div><\/div><div class=\"mgt-icon-box-content\"><h5>\u00c7al\u0131\u015fma S\u00fcresi<\/h5><strong>Deste\u011fimiz size yard\u0131mc\u0131 olmak i\u00e7in haz\u0131r<br \/>\nHaftan\u0131n yedi g\u00fcn\u00fc, g\u00fcn\u00fcn 24 saati <\/strong>.<\/p>\n<p>Pazartesi-Cuma: Sabah 9&#8217;dan ak\u015fam 5&#8217;e kadar<\/p>\n<p>Cumartesi: 10:00 &#8211; 14:00<\/p>\n<p>Pazar: Kapan\u0131\u015f<\/div><div class=\"clearfix\"><\/div><\/div>[\/vc_column][\/vc_row]<\/p>\n","protected":false},"excerpt":{"rendered":"<p>&#8230;<\/p>\n","protected":false},"author":1,"featured_media":0,"parent":0,"menu_order":0,"comment_status":"closed","ping_status":"closed","template":"","meta":{"footnotes":""},"class_list":["post-5522","page","type-page","status-publish","hentry"],"_links":{"self":[{"href":"https:\/\/www.tsiyapi.com\/tr\/wp-json\/wp\/v2\/pages\/5522","targetHints":{"allow":["GET"]}}],"collection":[{"href":"https:\/\/www.tsiyapi.com\/tr\/wp-json\/wp\/v2\/pages"}],"about":[{"href":"https:\/\/www.tsiyapi.com\/tr\/wp-json\/wp\/v2\/types\/page"}],"author":[{"embeddable":true,"href":"https:\/\/www.tsiyapi.com\/tr\/wp-json\/wp\/v2\/users\/1"}],"replies":[{"embeddable":true,"href":"https:\/\/www.tsiyapi.com\/tr\/wp-json\/wp\/v2\/comments?post=5522"}],"version-history":[{"count":2,"href":"https:\/\/www.tsiyapi.com\/tr\/wp-json\/wp\/v2\/pages\/5522\/revisions"}],"predecessor-version":[{"id":5538,"href":"https:\/\/www.tsiyapi.com\/tr\/wp-json\/wp\/v2\/pages\/5522\/revisions\/5538"}],"wp:attachment":[{"href":"https:\/\/www.tsiyapi.com\/tr\/wp-json\/wp\/v2\/media?parent=5522"}],"curies":[{"name":"wp","href":"https:\/\/api.w.org\/{rel}","templated":true}]}}