{"id":5520,"date":"2016-03-31T16:04:22","date_gmt":"2016-03-31T16:04:22","guid":{"rendered":"https:\/\/www.tsiyapi.com\/hizmetler\/"},"modified":"2023-01-19T00:23:11","modified_gmt":"2023-01-19T00:23:11","slug":"hizmetler","status":"publish","type":"page","link":"https:\/\/www.tsiyapi.com\/tr\/hizmetler\/","title":{"rendered":"Hizmetler"},"content":{"rendered":"<p>[vc_row][vc_column width=&#8221;1\/3&#8243;]<style scoped='scoped'>.mgt-promo-block-47315338164.mgt-promo-block.darken .mgt-promo-block-content {background-color: rgba(10,10,10,0.3)!important;}.mgt-promo-block-47315338164.mgt-promo-block.animated:hover .mgt-promo-block-content {background-color: rgba(0,0,0,0.5)!important;}<\/style><div class=\"mgt-promo-block animated white-text cover-image text-size-normal darken mgt-promo-block-47315338164 wpb_content_element wpb_animate_when_almost_visible wpb_appear\" data-style=\"background-image: url(https:\/\/www.tsiyapi.com\/wp-content\/uploads\/2021\/11\/z11.jpg);background-repeat: no-repeat;width: 100%; height: 220px;\"><div class=\"mgt-promo-block-content va-bottom\"><div class=\"mgt-promo-block-content-inside vc_custom_1674087681822\"><i class=\"fa fa-2 fa-building\"><!-- Icon --><\/i>\n<h3>TAD\u0130LAT ve YEN\u0130LEME<\/h3>\n<div class=\"mgt-button-wrapper mgt-button-wrapper-align-left mgt-button-wrapper-display-newline mgt-button-top-margin-disable\"><a class=\"btn hvr-icon-wobble-horizontal mgt-button mgt-style-textwhite mgt-size-normal mgt-align-left mgt-display-newline mgt-text-size-small mgt-button-icon-position-right mgt-text-transform-uppercase \" href=\"https:\/\/www.tsiyapi.com\/tr\/hizmetler\/konut-tadilatlari\/\">daha fazla oku<i class=\"fa fa-arrow-right\"><\/i><\/a><\/div><\/div><\/div><\/div>[vc_column_text css_animation=&#8221;left-to-right&#8221; css=&#8221;.vc_custom_1636816912689{padding-top: 25px !important;padding-right: 25px !important;padding-bottom: 25px !important;padding-left: 25px !important;background-color: #f5f5f5 !important;}&#8221;]\u0130\u015fimizi, t\u00fcm in\u015faat ihtiya\u00e7lar\u0131n\u0131z i\u00e7in size tek bir temas noktas\u0131 sunarak, konut yenileme \u00fcr\u00fcnleri ve hizmetlerinin tek elden, tam hizmet sa\u011flay\u0131c\u0131s\u0131 olacak \u015fekilde kurduk. D\u00f6\u015feme, pencere ve kap\u0131lardan \u00f6zel mutfak ve banyo dolaplar\u0131na kadar her \u015feyi sunuyoruz&#8230;[\/vc_column_text][\/vc_column][vc_column width=&#8221;1\/3&#8243;]<style scoped='scoped'>.mgt-promo-block-47315338664.mgt-promo-block.darken .mgt-promo-block-content {background-color: rgba(10,10,10,0.38)!important;}.mgt-promo-block-47315338664.mgt-promo-block.animated:hover .mgt-promo-block-content {background-color: rgba(0,0,0,0.5)!important;}<\/style><div class=\"mgt-promo-block animated white-text cover-image text-size-normal darken mgt-promo-block-47315338664 wpb_content_element wpb_animate_when_almost_visible wpb_appear\" data-style=\"background-image: url(https:\/\/www.tsiyapi.com\/wp-content\/uploads\/2021\/11\/4-TSI-obagol-Exterior3.jpeg);background-repeat: no-repeat;width: 100%; height: 220px;\"><div class=\"mgt-promo-block-content va-bottom\"><div class=\"mgt-promo-block-content-inside vc_custom_1674087704995\"><i class=\"fa fa-2 fa-home\"><!-- Icon --><\/i>\n<h3>YEN\u0130 YAPILAR<\/h3>\n<div class=\"mgt-button-wrapper mgt-button-wrapper-align-left mgt-button-wrapper-display-newline mgt-button-top-margin-disable\"><a class=\"btn hvr-icon-wobble-horizontal mgt-button mgt-style-textwhite mgt-size-normal mgt-align-left mgt-display-newline mgt-text-size-small mgt-button-icon-position-right mgt-text-transform-uppercase \" href=\"https:\/\/www.tsiyapi.com\/tr\/hizmetler\/yeni-yapilar\/\">daha fazla oku<i class=\"fa fa-arrow-right\"><\/i><\/a><\/div><\/div><\/div><\/div>[vc_column_text css_animation=&#8221;bottom-to-top&#8221; css=&#8221;.vc_custom_1636816791208{padding-top: 25px !important;padding-right: 25px !important;padding-bottom: 25px !important;padding-left: 25px !important;background-color: #f5f5f5 !important;}&#8221;]Her ayr\u0131nt\u0131 d\u00fc\u015f\u00fcn\u00fclerek tasarlanm\u0131\u015f ve yaln\u0131zca en iyi malzemeler ve kalite standartlar\u0131yla \u00fcretilmi\u015ftir, b\u00f6ylece endi\u015felenmenize gerek kalmaz. Kurumsal m\u00fc\u015fterilerimiz her zaman en iyi yetenekleri i\u015fe almak ister ve en son teknolojiyi, g\u00fcvenli\u011fi ve olanaklar\u0131 sa\u011flayabilmelidir.[\/vc_column_text][\/vc_column][vc_column width=&#8221;1\/3&#8243;]<style scoped='scoped'>.mgt-promo-block-47315338634.mgt-promo-block.darken .mgt-promo-block-content {background-color: rgba(10,10,10,0.38)!important;}.mgt-promo-block-47315338634.mgt-promo-block.animated:hover .mgt-promo-block-content {background-color: rgba(0,0,0,0.5)!important;}<\/style><div class=\"mgt-promo-block animated white-text cover-image text-size-normal darken mgt-promo-block-47315338634 wpb_content_element wpb_animate_when_almost_visible wpb_appear\" data-style=\"background-image: url(https:\/\/www.tsiyapi.com\/wp-content\/uploads\/2021\/11\/z14.png);background-repeat: no-repeat;width: 100%; height: 220px;\"><div class=\"mgt-promo-block-content va-bottom\"><div class=\"mgt-promo-block-content-inside vc_custom_1674087724632\"><i class=\"fa fa-2 fa-hospital-o\"><!-- Icon --><\/i>\n<h3>B\u0130NA Y\u00d6NET\u0130M\u0130<\/h3>\n<div class=\"mgt-button-wrapper mgt-button-wrapper-align-left mgt-button-wrapper-display-newline mgt-button-top-margin-disable\"><a class=\"btn hvr-icon-wobble-horizontal mgt-button mgt-style-textwhite mgt-size-normal mgt-align-left mgt-display-newline mgt-text-size-small mgt-button-icon-position-right mgt-text-transform-uppercase \" href=\"https:\/\/www.tsiyapi.com\/tr\/hizmetler\/bina-yonetimi\/\">daha fazla oku<i class=\"fa fa-arrow-right\"><\/i><\/a><\/div><\/div><\/div><\/div>[vc_column_text css_animation=&#8221;right-to-left&#8221; css=&#8221;.vc_custom_1636816810296{padding-top: 25px !important;padding-right: 25px !important;padding-bottom: 25px !important;padding-left: 25px !important;background-color: #f5f5f5 !important;}&#8221;]Amac\u0131m\u0131z basit: m\u00fclk sahiplerinin ve kirac\u0131lar\u0131n kar\u015f\u0131la\u015ft\u0131\u011f\u0131 ortak sorunlu noktalar\u0131 ortadan kald\u0131rmak, bunu da ancak DER\u0130NDEN \u00d6NEMSEYEN harika insanlar ve ak\u0131ll\u0131 M\u00dcLK Y\u00d6NET\u0130M\u0130 teknolojisinin bir kombinasyonu ile yapabiliriz[\/vc_column_text][\/vc_column][\/vc_row][vc_row][vc_column][vc_separator][\/vc_column][\/vc_row][vc_row css=&#8221;.vc_custom_1459500649448{margin-bottom: 20px !important;}&#8221;][vc_column width=&#8221;1\/3&#8243;]<style scoped='scoped'>.mgt-promo-block-41315338664.mgt-promo-block.darken .mgt-promo-block-content {background-color: rgba(10,10,10,0.21)!important;}.mgt-promo-block-41315338664.mgt-promo-block.animated:hover .mgt-promo-block-content {background-color: rgba(0,0,0,0.5)!important;}<\/style><div class=\"mgt-promo-block animated white-text cover-image text-size-normal darken mgt-promo-block-41315338664 wpb_content_element wpb_animate_when_almost_visible wpb_appear\" data-style=\"background-image: url(https:\/\/www.tsiyapi.com\/wp-content\/uploads\/2021\/11\/5lobby-render.jpg);background-repeat: no-repeat;width: 100%; height: 220px;\"><div class=\"mgt-promo-block-content va-bottom\"><div class=\"mgt-promo-block-content-inside vc_custom_1674087746226\"><i class=\"fa fa-2 fa-picture-o\"><!-- Icon --><\/i>\n<h3>\u0130\u00c7 TASARIM<\/h3>\n<div class=\"mgt-button-wrapper mgt-button-wrapper-align-left mgt-button-wrapper-display-newline mgt-button-top-margin-disable\"><a class=\"btn hvr-icon-wobble-horizontal mgt-button mgt-style-textwhite mgt-size-normal mgt-align-left mgt-display-newline mgt-text-size-small mgt-button-icon-position-right mgt-text-transform-uppercase \" href=\"https:\/\/www.tsiyapi.com\/tr\/hizmetler\/ic-tasarim\/\">daha fazla oku<i class=\"fa fa-arrow-right\"><\/i><\/a><\/div><\/div><\/div><\/div>[vc_column_text css_animation=&#8221;bottom-to-top&#8221; css=&#8221;.vc_custom_1636817076057{padding-top: 25px !important;padding-right: 25px !important;padding-bottom: 25px !important;padding-left: 25px !important;background-color: #f5f5f5 !important;}&#8221; el_class=&#8221;thebuilt-textcolor-grey&#8221;]Uygulamam\u0131z, her bir disiplinin di\u011ferlerini etkileme ve onlara de\u011fer katma bi\u00e7imi nedeniyle mimarl\u0131k, i\u00e7 tasar\u0131m ve planlamay\u0131 kucaklayacak \u015fekilde geli\u015fmi\u015ftir. \u0130\u015fbirli\u011fine ilham veren a\u00e7\u0131k st\u00fcdyo ortam\u0131m\u0131zla desteklenen bu dinamik sonu\u00e7lar&#8230;[\/vc_column_text][\/vc_column][vc_column width=&#8221;1\/3&#8243;]<style scoped='scoped'>.mgt-promo-block-47315338964.mgt-promo-block.darken .mgt-promo-block-content {background-color: rgba(10,10,10,0.38)!important;}.mgt-promo-block-47315338964.mgt-promo-block.animated:hover .mgt-promo-block-content {background-color: rgba(0,0,0,0.5)!important;}<\/style><div class=\"mgt-promo-block animated white-text cover-image text-size-normal darken mgt-promo-block-47315338964 wpb_content_element wpb_animate_when_almost_visible wpb_appear\" data-style=\"background-image: url(https:\/\/www.tsiyapi.com\/wp-content\/uploads\/2021\/11\/IMG_1954.jpg);background-repeat: no-repeat;width: 100%; height: 220px;\"><div class=\"mgt-promo-block-content va-bottom\"><div class=\"mgt-promo-block-content-inside vc_custom_1674087768392\"><i class=\"fa fa-2 fa-briefcase\"><!-- Icon --><\/i>\n<h3>TEKN\u0130K SERV\u0130S<\/h3>\n<div class=\"mgt-button-wrapper mgt-button-wrapper-align-left mgt-button-wrapper-display-newline mgt-button-top-margin-disable\"><a class=\"btn hvr-icon-wobble-horizontal mgt-button mgt-style-textwhite mgt-size-normal mgt-align-left mgt-display-newline mgt-text-size-small mgt-button-icon-position-right mgt-text-transform-uppercase \" href=\"https:\/\/www.tsiyapi.com\/our-services\/technical-service\/\">daha fazla oku<i class=\"fa fa-arrow-right\"><\/i><\/a><\/div><\/div><\/div><\/div>[vc_column_text css_animation=&#8221;bottom-to-top&#8221; css=&#8221;.vc_custom_1636817303880{padding-top: 25px !important;padding-right: 25px !important;padding-bottom: 25px !important;padding-left: 25px !important;background-color: #f5f5f5 !important;}&#8221;]Her t\u00fcr apartman\u0131 denetledik. Ekibimiz, enerji kaynaklar\u0131ndan tasarruf etmeye ve toplum i\u00e7in g\u00fcvenli, emniyetli ve rahat bir ortam sa\u011flamaya ekstra \u00f6zen g\u00f6stererek her t\u00fcrl\u00fc bak\u0131m ve onar\u0131m\u0131n zaman\u0131nda yap\u0131lmas\u0131n\u0131 sa\u011flar.[\/vc_column_text][\/vc_column][vc_column width=&#8221;1\/3&#8243;][\/vc_column][\/vc_row][vc_row css=&#8221;.vc_custom_1459500687188{margin-bottom: 50px !important;}&#8221;][vc_column]<div class=\"mgt-cta-block clearfix parallax white-text with-text wpb_content_element\" data-style=\"background-color: #faa441;\"><div class=\"mgt-button-wrapper mgt-button-wrapper-align-right mgt-button-wrapper-display-newline mgt-button-top-margin-disable\"><a class=\"btn hvr-bounce-to-right mgt-button mgt-style-solid-invert mgt-size-normal mgt-align-right mgt-display-newline mgt-text-size-normal mgt-button-icon-position-left mgt-text-transform-uppercase \" href=\"https:\/\/www.tsiyapi.com\/tr\/iletisim\/\">\u0130LET\u0130\u015e\u0130M<\/a><\/div><h5 class=\"mgt-cta-block-header\">Arad\u0131\u011f\u0131n\u0131z\u0131 bulam\u0131yor musunuz?<\/h5><div class=\"mgt-cta-block-content\"><\/p>\n<div class=\"mgt-cta-block-content\"><span style=\"color: #ffffff\">BI\u0307ZI\u0307MLE I\u0307LETI\u0307\u015eI\u0307ME GE\u00c7I\u0307N<\/span><\/div>\n<p><\/div><\/div>[\/vc_column][\/vc_row]<\/p>\n","protected":false},"excerpt":{"rendered":"<p>&#8230;<\/p>\n","protected":false},"author":1,"featured_media":0,"parent":0,"menu_order":0,"comment_status":"closed","ping_status":"closed","template":"","meta":{"footnotes":""},"class_list":["post-5520","page","type-page","status-publish","hentry"],"_links":{"self":[{"href":"https:\/\/www.tsiyapi.com\/tr\/wp-json\/wp\/v2\/pages\/5520","targetHints":{"allow":["GET"]}}],"collection":[{"href":"https:\/\/www.tsiyapi.com\/tr\/wp-json\/wp\/v2\/pages"}],"about":[{"href":"https:\/\/www.tsiyapi.com\/tr\/wp-json\/wp\/v2\/types\/page"}],"author":[{"embeddable":true,"href":"https:\/\/www.tsiyapi.com\/tr\/wp-json\/wp\/v2\/users\/1"}],"replies":[{"embeddable":true,"href":"https:\/\/www.tsiyapi.com\/tr\/wp-json\/wp\/v2\/comments?post=5520"}],"version-history":[{"count":4,"href":"https:\/\/www.tsiyapi.com\/tr\/wp-json\/wp\/v2\/pages\/5520\/revisions"}],"predecessor-version":[{"id":5702,"href":"https:\/\/www.tsiyapi.com\/tr\/wp-json\/wp\/v2\/pages\/5520\/revisions\/5702"}],"wp:attachment":[{"href":"https:\/\/www.tsiyapi.com\/tr\/wp-json\/wp\/v2\/media?parent=5520"}],"curies":[{"name":"wp","href":"https:\/\/api.w.org\/{rel}","templated":true}]}}