{"id":5519,"date":"2016-04-14T09:40:43","date_gmt":"2016-04-14T09:40:43","guid":{"rendered":"https:\/\/www.tsiyapi.com\/bina-yonetimi\/"},"modified":"2024-03-23T23:28:08","modified_gmt":"2024-03-23T23:28:08","slug":"bina-yonetimi","status":"publish","type":"page","link":"https:\/\/www.tsiyapi.com\/tr\/hizmetler\/bina-yonetimi\/","title":{"rendered":"Site Y\u00f6netimi"},"content":{"rendered":"<p>[vc_row][vc_column][vc_column_text css_animation=&#8221;bottom-to-top&#8221;]Amac\u0131m\u0131z basit: m\u00fclk sahiplerinin ve kirac\u0131lar\u0131n kar\u015f\u0131la\u015ft\u0131\u011f\u0131 ortak sorunlu noktalar\u0131 ortadan kald\u0131rmak; bu da ancak, ev sahiplerine ve kirac\u0131lara \u00f6nemli olan her \u015feyin tam g\u00f6r\u00fcn\u00fcrl\u00fc\u011f\u00fcn\u00fc sa\u011flamak i\u00e7in s\u00fcre\u00e7leri kolayla\u015ft\u0131ran ak\u0131ll\u0131 m\u00fclk y\u00f6netimi teknolojisi ve bunu derinden \u00f6nemseyen harika insanlardan olu\u015fan bir kombinasyonla yap\u0131labilir.<\/p>\n<p>Temel m\u00fclk y\u00f6netimi hizmetlerimiz, basit ve sorunsuz m\u00fclk bak\u0131m\u0131, duyarl\u0131 m\u00fc\u015fteri hizmetleri ve sizi h\u0131zl\u0131 bir \u015fekilde karar vermeniz i\u00e7in gereken t\u00fcm ayr\u0131nt\u0131larla donatarak s\u00fcr\u00fcc\u00fc koltu\u011funa oturtan m\u00fclk incelemesinden ba\u015flayarak bekledi\u011finiz her \u015feyi i\u00e7erir.[\/vc_column_text][\/vc_column][\/vc_row][vc_row][vc_column]<div class=\"mgt-header-block clearfix text-left text-black wpb_animate_when_almost_visible wpb_bottom-to-top wpb_content_element  mgt-header-block-style-2 mgt-header-texttransform-none  vc_custom_1461316557923\"><h3 class=\"mgt-header-block-title\">S\u00fcre\u00e7<\/h3><div class=\"mgt-header-line\"><\/div><\/div>[\/vc_column][\/vc_row][vc_row][vc_column width=&#8221;1\/3&#8243;]<div class=\"mgt-icon-box wpb_content_element wpb_animate_when_almost_visible wpb_appear mgt-icon-box-right mgt-icon-fa mgt-icon-background mgt-icon-background-invert text-black \"><div class=\"mgt-icon-box-icon hvr-icon-push\"><div class=\"mgt-font-icon\"><i class=\"fa fa-institution\"><\/i><\/div><\/div><div class=\"mgt-icon-box-content\"><h6>Amac\u0131m\u0131z<\/h6><h5>DER\u0130N BAKIM<\/h5><\/div><div class=\"clearfix\"><\/div><\/div>[\/vc_column][vc_column width=&#8221;1\/3&#8243;]<div class=\"mgt-icon-box wpb_content_element wpb_animate_when_almost_visible wpb_appear mgt-icon-box-right mgt-icon-fa mgt-icon-background mgt-icon-background-invert text-black \"><div class=\"mgt-icon-box-icon hvr-icon-push\"><div class=\"mgt-font-icon\"><i class=\"fa fa-hospital-o\"><\/i><\/div><\/div><div class=\"mgt-icon-box-content\"><h6>Dengeli<\/h6><h5>M\u00dcLK Y\u00d6NETI\u0307MI\u0307<\/h5><\/div><div class=\"clearfix\"><\/div><\/div>[\/vc_column][vc_column width=&#8221;1\/3&#8243;]<div class=\"mgt-icon-box wpb_content_element wpb_animate_when_almost_visible wpb_appear mgt-icon-box-right mgt-icon-fa mgt-icon-background mgt-icon-background-invert text-black \"><div class=\"mgt-icon-box-icon hvr-icon-push\"><div class=\"mgt-font-icon\"><i class=\"fa fa-industry\"><\/i><\/div><\/div><div class=\"mgt-icon-box-content\"><h6>Sorunsuz<\/h6><h5>M\u00dcLK BAKIMI<\/h5><\/div><div class=\"clearfix\"><\/div><\/div>[\/vc_column][\/vc_row][vc_row][vc_column width=&#8221;1\/3&#8243;]<div class=\"mgt-icon-box wpb_content_element wpb_animate_when_almost_visible wpb_appear mgt-icon-box-right mgt-icon-fa mgt-icon-background mgt-icon-background-invert text-black \"><div class=\"mgt-icon-box-icon hvr-icon-push\"><div class=\"mgt-font-icon\"><i class=\"fa fa-gavel\"><\/i><\/div><\/div><div class=\"mgt-icon-box-content\"><h6>\u015eeffaf<\/h6><h5>KONUT KANUNLARI<\/h5><\/div><div class=\"clearfix\"><\/div><\/div>[\/vc_column][vc_column width=&#8221;1\/3&#8243;]<div class=\"mgt-icon-box wpb_content_element wpb_animate_when_almost_visible wpb_appear mgt-icon-box-right mgt-icon-fa mgt-icon-background mgt-icon-background-invert text-black \"><div class=\"mgt-icon-box-icon hvr-icon-push\"><div class=\"mgt-font-icon\"><i class=\"fa fa-eye\"><\/i><\/div><\/div><div class=\"mgt-icon-box-content\"><h6>\u00dccretsiz<\/h6><h5>M\u00dcLK DENETI\u0307MI\u0307<\/h5><\/div><div class=\"clearfix\"><\/div><\/div>[\/vc_column][vc_column width=&#8221;1\/3&#8243;]<div class=\"mgt-icon-box wpb_content_element wpb_animate_when_almost_visible wpb_appear mgt-icon-box-right mgt-icon-fa mgt-icon-background mgt-icon-background-invert text-black \"><div class=\"mgt-icon-box-icon hvr-icon-push\"><div class=\"mgt-font-icon\"><i class=\"fa fa-briefcase\"><\/i><\/div><\/div><div class=\"mgt-icon-box-content\"><h6>Duyarl\u0131<\/h6><h5>M\u00dc\u015eTERI\u0307 HI\u0307ZMETLERI\u0307<\/h5><\/div><div class=\"clearfix\"><\/div><\/div>[\/vc_column][\/vc_row][vc_row][vc_column][vc_separator][\/vc_column][\/vc_row][vc_row][vc_column][vc_images_carousel images=&#8221;10655,10649,10619,10673,10558,10564,10528,10531,10546,10543,10540,10395&#8243; img_size=&#8221;full&#8221; onclick=&#8221;link_no&#8221; slides_per_view=&#8221;2&#8243; hide_pagination_control=&#8221;yes&#8221; wrap=&#8221;yes&#8221; css=&#8221;.vc_custom_1711236485517{margin-right: -10px !important;margin-left: -10px !important;}&#8221;][\/vc_column][\/vc_row][vc_row][vc_column][vc_separator][\/vc_column][\/vc_row][vc_row][vc_column]<div class=\"mgt-header-block clearfix text-left text-black wpb_content_element  mgt-header-block-style-2 mgt-header-texttransform-none  vc_custom_1674086204538\"><h3 class=\"mgt-header-block-title\">Strateji ve Taktik<\/h3><div class=\"mgt-header-line\"><\/div><\/div>[vc_column_text]Kirac\u0131lar da s\u0131zd\u0131ran bir muslu\u011fun veya bozuk bir soban\u0131n tamir edilmesi i\u00e7in haftalarca beklemek zorunda kalmadan daha fazla \u015feffafl\u0131k ve ileti\u015fimden yararlan\u0131rlar. M\u00fclk Y\u00f6netimi karma\u015f\u0131k ve rekabet\u00e7i bir sekt\u00f6rd\u00fcr.<\/p>\n<p>Mevcut konut kirac\u0131l\u0131\u011f\u0131 yasalar\u0131n\u0131 en iyi \u015fekilde bilen ve kirac\u0131l\u0131kla ilgili bir\u00e7ok de\u011fi\u015fkeni etkili bir \u015fekilde ele alma konusunda kan\u0131tlanm\u0131\u015f bir sicile sahip bir \u015firket istersiniz.[\/vc_column_text][vc_tta_accordion color=&#8221;black&#8221; c_position=&#8221;right&#8221; active_section=&#8221;1&#8243;][vc_tta_section title=&#8221;\u015eI\u0307RKET MI\u0307SYONUMUZ&#8221; tab_id=&#8221;1460465137169-8fa3dffe-29f8&#8243;][vc_column_text]D\u00f6n\u00fc\u015ft\u00fcr\u00fcc\u00fc sonu\u00e7lar sunmak i\u00e7in hizmetler, pazarlar ve co\u011frafyalar aras\u0131ndaki uzmanl\u0131\u011f\u0131 birle\u015ftiriyoruz. D\u00fcnya \u00e7ap\u0131nda, f\u0131rsatlar\u0131 ortaya \u00e7\u0131karan projeler ve programlar tasarl\u0131yor, in\u015fa ediyor, finanse ediyor, i\u015fletiyor ve y\u00f6netiyoruz.[\/vc_column_text][\/vc_tta_section][vc_tta_section title=&#8221;\u015eI\u0307RKET VI\u0307ZYONUMUZ&#8221; tab_id=&#8221;1460465137231-ccbe90e5-99f5&#8243;][vc_column_text]S\u0131k\u0131 \u00e7al\u0131\u015fma, d\u00fcr\u00fcstl\u00fck ve i\u015fini iyi yapma k\u00fclt\u00fcr\u00fcm\u00fczle i\u00e7 i\u00e7e ge\u00e7mi\u015f olan tarihimiz, sadece ge\u00e7mi\u015fimiz hakk\u0131nda \u00e7ok \u015fey anlatmakla kalmaz, ayn\u0131 zamanda bug\u00fcn\u00fcm\u00fcz\u00fc de anlat\u0131r. Ba\u015far\u0131l\u0131 olma, hayatta kalma ve en iyisi olmak i\u00e7in \u00e7aba g\u00f6sterme konusundaki sicilimiz, bug\u00fcnk\u00fc itibar\u0131m\u0131z\u0131n merkezinde yer almaktad\u0131r.[\/vc_column_text][\/vc_tta_section][\/vc_tta_accordion][\/vc_column][\/vc_row]<\/p>\n","protected":false},"excerpt":{"rendered":"<p>&#8230;<\/p>\n","protected":false},"author":1,"featured_media":0,"parent":5520,"menu_order":0,"comment_status":"closed","ping_status":"closed","template":"","meta":{"footnotes":""},"class_list":["post-5519","page","type-page","status-publish","hentry"],"_links":{"self":[{"href":"https:\/\/www.tsiyapi.com\/tr\/wp-json\/wp\/v2\/pages\/5519","targetHints":{"allow":["GET"]}}],"collection":[{"href":"https:\/\/www.tsiyapi.com\/tr\/wp-json\/wp\/v2\/pages"}],"about":[{"href":"https:\/\/www.tsiyapi.com\/tr\/wp-json\/wp\/v2\/types\/page"}],"author":[{"embeddable":true,"href":"https:\/\/www.tsiyapi.com\/tr\/wp-json\/wp\/v2\/users\/1"}],"replies":[{"embeddable":true,"href":"https:\/\/www.tsiyapi.com\/tr\/wp-json\/wp\/v2\/comments?post=5519"}],"version-history":[{"count":7,"href":"https:\/\/www.tsiyapi.com\/tr\/wp-json\/wp\/v2\/pages\/5519\/revisions"}],"predecessor-version":[{"id":11310,"href":"https:\/\/www.tsiyapi.com\/tr\/wp-json\/wp\/v2\/pages\/5519\/revisions\/11310"}],"up":[{"embeddable":true,"href":"https:\/\/www.tsiyapi.com\/tr\/wp-json\/wp\/v2\/pages\/5520"}],"wp:attachment":[{"href":"https:\/\/www.tsiyapi.com\/tr\/wp-json\/wp\/v2\/media?parent=5519"}],"curies":[{"name":"wp","href":"https:\/\/api.w.org\/{rel}","templated":true}]}}