{"id":5517,"date":"2016-04-14T09:39:40","date_gmt":"2016-04-14T09:39:40","guid":{"rendered":"https:\/\/www.tsiyapi.com\/teknik-servis\/"},"modified":"2023-01-20T14:32:16","modified_gmt":"2023-01-20T14:32:16","slug":"teknik-servis","status":"publish","type":"page","link":"https:\/\/www.tsiyapi.com\/tr\/hizmetler\/teknik-servis\/","title":{"rendered":"Teknik Servis"},"content":{"rendered":"<p>[vc_row][vc_column width=&#8221;1\/2&#8243; css=&#8221;.vc_custom_1460641256688{margin-right: 0px !important;padding-right: 0px !important;}&#8221;]<style scoped='scoped'>.mgt-promo-block-36261014417.mgt-promo-block .mgt-promo-block-content h2 {font-size: 30px;line-height: normal!important;}<\/style><div class=\"mgt-promo-block black-text text-size-normal no-darken mgt-promo-block-36261014417 wpb_content_element\" data-style=\"background-color: #f5f5f5;width: 100%; height: 400px;\"><div class=\"mgt-promo-block-content\"><div class=\"mgt-promo-block-content-inside vc_custom_1636816084630\">\n<h2 style=\"text-align: left\">Teknik Servis<\/h2>\n<p style=\"text-align: left\">Her t\u00fcr apartman\u0131 denetledik. Ekibimiz, enerji kaynaklar\u0131ndan tasarruf etmeye ve toplum i\u00e7in g\u00fcvenli, emniyetli ve rahat bir ortam sa\u011flamaya ekstra \u00f6zen g\u00f6stererek her t\u00fcrl\u00fc bak\u0131m ve onar\u0131m\u0131n zaman\u0131nda yap\u0131lmas\u0131n\u0131 sa\u011flar.\n<div class=\"mgt-button-wrapper mgt-button-wrapper-align-left mgt-button-wrapper-display-newline mgt-button-top-margin-enable\"><a class=\"btn hvr-bounce-to-right mgt-button mgt-style-solid mgt-size-normal mgt-align-left mgt-display-newline mgt-text-size-normal mgt-button-icon-position-left mgt-text-transform-uppercase \" href=\"http:\/\/wp.magnium-themes.com\/thebuilt\/thebuilt-1\/get-a-quote\/\">Get a quote<\/a><\/div><\/div><\/div><\/div>[\/vc_column][vc_column width=&#8221;1\/2&#8243; css=&#8221;.vc_custom_1460641327282{margin-left: 0px !important;padding-left: 0px !important;}&#8221;]<style scoped='scoped'>.mgt-promo-block-36261014317.mgt-promo-block .mgt-promo-block-content h2 {font-size: 30px;line-height: normal!important;}<\/style><div class=\"mgt-promo-block black-text cover-image text-size-normal no-darken mgt-promo-block-36261014317 wpb_content_element\" data-style=\"background-color: #f5f5f5;background-image: url(https:\/\/www.tsiyapi.com\/wp-content\/uploads\/2021\/11\/IMG_1954.jpg);background-repeat: no-repeat;width: 100%; height: 400px;\"><div class=\"mgt-promo-block-content\"><div class=\"mgt-promo-block-content-inside\"><\/div><\/div><\/div>[\/vc_column][\/vc_row][vc_row][vc_column][vc_empty_space height=&#8221;30px&#8221;][\/vc_column][\/vc_row][vc_row][vc_column][\/vc_column][\/vc_row][vc_row][vc_column width=&#8221;1\/2&#8243;]<div class=\"mgt-header-block clearfix text-left text-black wpb_content_element  mgt-header-block-style-1 mgt-header-texttransform-none  vc_custom_1636816120965\"><h3 class=\"mgt-header-block-title\">Maintenance and Repairs<\/h3><div class=\"mgt-header-line\"><\/div><\/div>[vc_column_text]Her t\u00fcr apartman\u0131 denetledik. Ekibimiz, enerji kaynaklar\u0131ndan tasarruf etmeye ve toplum i\u00e7in g\u00fcvenli, emniyetli ve rahat bir ortam sa\u011flamaya ekstra \u00f6zen g\u00f6stererek her t\u00fcrl\u00fc bak\u0131m ve onar\u0131m\u0131n zaman\u0131nda yap\u0131lmas\u0131n\u0131 sa\u011flar. Konfor her zaman \u00f6n plandad\u0131r ve hem m\u00fclk\u00fcn de\u011ferini hem de ya\u015fam standard\u0131n\u0131 korumak veya iyile\u015ftirmek i\u00e7in \u00e7al\u0131\u015f\u0131r\u0131z.[\/vc_column_text][\/vc_column][vc_column width=&#8221;1\/2&#8243;]<style scoped='scoped'>.mgt-promo-block-79292048663.mgt-promo-block.darken .mgt-promo-block-content {background-color: #fbbe3f!important;}.mgt-promo-block-79292048663.mgt-promo-block.animated:hover .mgt-promo-block-content {background-color: rgba(255,255,255,0.73)!important;}<\/style><div class=\"mgt-promo-block animated black-text cover-image text-size-normal darken mgt-promo-block-79292048663 wpb_content_element wpb_animate_when_almost_visible wpb_left-to-right\" data-style=\"background-image: url(https:\/\/www.tsiyapi.com\/wp-content\/uploads\/2016\/03\/import_placeholder.png);background-repeat: no-repeat;width: 100%; height: 200px;\"><div class=\"mgt-promo-block-content va-top\"><div class=\"mgt-promo-block-content-inside vc_custom_1636816300671\">\n<h3>Herhangi bir \u015fey var m\u0131?<br \/>\nSorular\u0131n\u0131z m\u0131 var?<\/h3>\nSize en yak\u0131n TSI ofisinde bizimle ileti\u015fime ge\u00e7in veya \u00e7evrimi\u00e7i bir i\u015f talebi g\u00f6nderin<div class=\"mgt-button-wrapper mgt-button-wrapper-align-left mgt-button-wrapper-display-newline mgt-button-top-margin-enable\"><a class=\"btn hvr-icon-wobble-horizontal mgt-button mgt-style-solid-invert mgt-size-normal mgt-align-left mgt-display-newline mgt-text-size-small mgt-button-icon-position-right mgt-text-transform-uppercase \" href=\"https:\/\/www.tsiyapi.com\/get-a-quote\/\">contact us<i class=\"fa fa-arrow-right\"><\/i><\/a><\/div><\/div><\/div><\/div>[\/vc_column][\/vc_row][vc_row][vc_column][vc_empty_space height=&#8221;30px&#8221;][\/vc_column][\/vc_row][vc_row css=&#8221;.vc_custom_1464353556980{margin-bottom: 50px !important;}&#8221;][vc_column]\r\n\t\r\n\t<div class=\"portfolio-list portfolio-columns-3 portfolio-grid-layout-0 clearfix\" id=\"portfolio-list\">\r\n\r\n\t\t<div class=\"portfolio-item-block portfolio-item-animation-6 mix new-projects-tr\" data-item=\"1\" data-name=\"OBAGOL SWAN\">\r\n\t<div class=\"portfolio-item-block-inside\">\r\n\t  <a href=\"https:\/\/www.tsiyapi.com\/tr\/project\/obagol-swan\/\" target=\"_self\" rel=\"\" title=\"OBAGOL SWAN\">\r\n\t    <div class=\"portfolio-item-image\" data-style=\"background-image: url(https:\/\/www.tsiyapi.com\/wp-content\/uploads\/2024\/03\/0.9-min-1024x1024.jpg);\"><\/div>\r\n\t    <div class=\"portfolio-item-bg\"><\/div>\r\n\t    <div class=\"info\">\r\n\t      <span class=\"sub-title\">Yeni Projeler<\/span>\r\n\t      <h4 class=\"title\">OBAGOL SWAN<\/h4>\r\n\t      \t      <div class=\"project-description\">Alanya<\/div>\r\n\t  \t  \t      \t      <div class=\"view-more btn mgt-button\">Daha fazla g\u00f6ster<\/div>\r\n\t  \t  \t    <\/div>\r\n\t  <\/a>\r\n\t<\/div>\r\n\t<\/div>\r\n\t\t<div class=\"portfolio-item-block portfolio-item-animation-6 mix new-projects-tr\" data-item=\"2\" data-name=\"OBA DOWNTOWN\">\r\n\t<div class=\"portfolio-item-block-inside\">\r\n\t  <a href=\"https:\/\/www.tsiyapi.com\/tr\/project\/oba-downtown\/\" target=\"_self\" rel=\"\" title=\"OBA DOWNTOWN\">\r\n\t    <div class=\"portfolio-item-image\" data-style=\"background-image: url(https:\/\/www.tsiyapi.com\/wp-content\/uploads\/2023\/09\/d-1-min-1024x1024.jpg);\"><\/div>\r\n\t    <div class=\"portfolio-item-bg\"><\/div>\r\n\t    <div class=\"info\">\r\n\t      <span class=\"sub-title\">Yeni Projeler<\/span>\r\n\t      <h4 class=\"title\">OBA DOWNTOWN<\/h4>\r\n\t      \t      <div class=\"project-description\">Alanya, Saray<\/div>\r\n\t  \t  \t      \t      <div class=\"view-more btn mgt-button\">Daha fazla g\u00f6ster<\/div>\r\n\t  \t  \t    <\/div>\r\n\t  <\/a>\r\n\t<\/div>\r\n\t<\/div>\r\n\t\t<div class=\"portfolio-item-block portfolio-item-animation-6 mix new-projects-tr\" data-item=\"3\" data-name=\"TSI HILL SUITES\">\r\n\t<div class=\"portfolio-item-block-inside\">\r\n\t  <a href=\"https:\/\/www.tsiyapi.com\/tr\/project\/tsi-hill-suites\/\" target=\"_self\" rel=\"\" title=\"TSI HILL SUITES\">\r\n\t    <div class=\"portfolio-item-image\" data-style=\"background-image: url(https:\/\/www.tsiyapi.com\/wp-content\/uploads\/2023\/06\/1.2.2-min-1024x1024.jpg);\"><\/div>\r\n\t    <div class=\"portfolio-item-bg\"><\/div>\r\n\t    <div class=\"info\">\r\n\t      <span class=\"sub-title\">Yeni Projeler<\/span>\r\n\t      <h4 class=\"title\">TSI HILL SUITES<\/h4>\r\n\t      \t      <div class=\"project-description\">Alanya, Saray<\/div>\r\n\t  \t  \t      \t      <div class=\"view-more btn mgt-button\">Daha fazla g\u00f6ster<\/div>\r\n\t  \t  \t    <\/div>\r\n\t  <\/a>\r\n\t<\/div>\r\n\t<\/div>\r\n\t\t         \r\n\t\r\n\t<\/div>\r\n\r\n\r\n<script>(function($){\r\n\t    $(document).ready(function() {\r\n\r\n\t\t    $(\"#portfolio-list\").mixItUp({effects:[\"fade\",\"scale\"],easing:\"snap\"});\r\n\r\n\t    });})(jQuery);<\/script>[\/vc_column][\/vc_row][vc_row][vc_column][vc_separator][\/vc_column][\/vc_row]<\/p>\n","protected":false},"excerpt":{"rendered":"<p>&#8230;<\/p>\n","protected":false},"author":1,"featured_media":0,"parent":5520,"menu_order":0,"comment_status":"closed","ping_status":"closed","template":"","meta":{"footnotes":""},"class_list":["post-5517","page","type-page","status-publish","hentry"],"_links":{"self":[{"href":"https:\/\/www.tsiyapi.com\/tr\/wp-json\/wp\/v2\/pages\/5517","targetHints":{"allow":["GET"]}}],"collection":[{"href":"https:\/\/www.tsiyapi.com\/tr\/wp-json\/wp\/v2\/pages"}],"about":[{"href":"https:\/\/www.tsiyapi.com\/tr\/wp-json\/wp\/v2\/types\/page"}],"author":[{"embeddable":true,"href":"https:\/\/www.tsiyapi.com\/tr\/wp-json\/wp\/v2\/users\/1"}],"replies":[{"embeddable":true,"href":"https:\/\/www.tsiyapi.com\/tr\/wp-json\/wp\/v2\/comments?post=5517"}],"version-history":[{"count":7,"href":"https:\/\/www.tsiyapi.com\/tr\/wp-json\/wp\/v2\/pages\/5517\/revisions"}],"predecessor-version":[{"id":6682,"href":"https:\/\/www.tsiyapi.com\/tr\/wp-json\/wp\/v2\/pages\/5517\/revisions\/6682"}],"up":[{"embeddable":true,"href":"https:\/\/www.tsiyapi.com\/tr\/wp-json\/wp\/v2\/pages\/5520"}],"wp:attachment":[{"href":"https:\/\/www.tsiyapi.com\/tr\/wp-json\/wp\/v2\/media?parent=5517"}],"curies":[{"name":"wp","href":"https:\/\/api.w.org\/{rel}","templated":true}]}}