{"id":5516,"date":"2016-05-09T09:19:52","date_gmt":"2016-05-09T09:19:52","guid":{"rendered":"https:\/\/www.tsiyapi.com\/portfoy\/"},"modified":"2023-01-18T20:08:22","modified_gmt":"2023-01-18T20:08:22","slug":"portfoy","status":"publish","type":"page","link":"https:\/\/www.tsiyapi.com\/tr\/portfoy\/","title":{"rendered":"Portf\u00f6y"},"content":{"rendered":"<p>[vc_row][vc_column]<div class=\"mgt-header-block clearfix text-left text-black wpb_content_element  mgt-header-block-style-2 mgt-header-texttransform-header  vc_custom_1462800724817\"><h2 class=\"mgt-header-block-title\">Projelerimiz<\/h2><div class=\"mgt-header-line\"><\/div><\/div>[\/vc_column][\/vc_row][vc_row][vc_column][vc_column_text]D\u00f6n\u00fc\u015ft\u00fcr\u00fcc\u00fc sonu\u00e7lar sunmak i\u00e7in hizmetler, pazarlar ve co\u011frafyalar aras\u0131ndaki uzmanl\u0131\u011f\u0131 birle\u015ftiriyoruz. D\u00fcnya \u00e7ap\u0131nda, f\u0131rsatlar\u0131 ortaya \u00e7\u0131karan projeler ve programlar tasarl\u0131yor, in\u015fa ediyor, finanse ediyor, i\u015fletiyor ve y\u00f6netiyoruz.<\/p>\n<p>TheBuilt olarak hem ofislerimizde hem de \u015fantiyelerimizde ye\u015fil bina ve s\u00fcrd\u00fcr\u00fclebilirlik konusunda kararl\u0131y\u0131z. Ye\u015fil binalar\u0131n sadece \u00e7evre i\u00e7in iyi olmad\u0131\u011f\u0131na, ayn\u0131 zamanda acil ve uzun vadeli ekonomik faydalar sa\u011flad\u0131\u011f\u0131na inan\u0131yoruz.[\/vc_column_text][\/vc_column][\/vc_row][vc_row][vc_column]\r\n\t\t<div class=\"row portfolio-filter filter-left\">\r\n\t\t<div class=\"col-md-12\">\r\n\t\t<a class=\"filter\" data-filter=\"all\">All<\/a><a class=\"filter\" data-filter=\".tamamlanan-projeler\">Tamamlanan projeler<\/a><a class=\"filter\" data-filter=\".new-projects-tr\">Yeni Projeler<\/a>\t\t<\/div>\r\n\t<\/div>\r\n\t\r\n\t<div class=\"portfolio-list portfolio-columns-4 portfolio-grid-layout-3 clearfix\" id=\"portfolio-list\">\r\n\r\n\t\t<div class=\"portfolio-item-block portfolio-item-animation-3 mix new-projects-tr\" data-item=\"1\" data-name=\"OBAGOL SWAN\">\r\n\t<div class=\"portfolio-item-block-inside\">\r\n\t  <a href=\"https:\/\/www.tsiyapi.com\/tr\/project\/obagol-swan\/\" target=\"_self\" rel=\"\" title=\"OBAGOL SWAN\">\r\n\t    <div class=\"portfolio-item-image\" data-style=\"background-image: url(https:\/\/www.tsiyapi.com\/wp-content\/uploads\/2024\/03\/0.9-min-1024x1024.jpg);\"><\/div>\r\n\t    <div class=\"portfolio-item-bg\"><\/div>\r\n\t    <div class=\"info\">\r\n\t      <span class=\"sub-title\">Yeni Projeler<\/span>\r\n\t      <h4 class=\"title\">OBAGOL SWAN<\/h4>\r\n\t      \t      <div class=\"project-description\">Alanya<\/div>\r\n\t  \t  \t      \t      <div class=\"view-more btn mgt-button\">Daha fazla g\u00f6ster<\/div>\r\n\t  \t  \t    <\/div>\r\n\t  <\/a>\r\n\t<\/div>\r\n\t<\/div>\r\n\t\t<div class=\"portfolio-item-block portfolio-item-animation-3 mix new-projects-tr\" data-item=\"2\" data-name=\"OBA DOWNTOWN\">\r\n\t<div class=\"portfolio-item-block-inside\">\r\n\t  <a href=\"https:\/\/www.tsiyapi.com\/tr\/project\/oba-downtown\/\" target=\"_self\" rel=\"\" title=\"OBA DOWNTOWN\">\r\n\t    <div class=\"portfolio-item-image\" data-style=\"background-image: url(https:\/\/www.tsiyapi.com\/wp-content\/uploads\/2023\/09\/d-1-min-1024x1024.jpg);\"><\/div>\r\n\t    <div class=\"portfolio-item-bg\"><\/div>\r\n\t    <div class=\"info\">\r\n\t      <span class=\"sub-title\">Yeni Projeler<\/span>\r\n\t      <h4 class=\"title\">OBA DOWNTOWN<\/h4>\r\n\t      \t      <div class=\"project-description\">Alanya, Saray<\/div>\r\n\t  \t  \t      \t      <div class=\"view-more btn mgt-button\">Daha fazla g\u00f6ster<\/div>\r\n\t  \t  \t    <\/div>\r\n\t  <\/a>\r\n\t<\/div>\r\n\t<\/div>\r\n\t\t<div class=\"portfolio-item-block portfolio-item-animation-3 mix new-projects-tr\" data-item=\"3\" data-name=\"TSI HILL SUITES\">\r\n\t<div class=\"portfolio-item-block-inside\">\r\n\t  <a href=\"https:\/\/www.tsiyapi.com\/tr\/project\/tsi-hill-suites\/\" target=\"_self\" rel=\"\" title=\"TSI HILL SUITES\">\r\n\t    <div class=\"portfolio-item-image\" data-style=\"background-image: url(https:\/\/www.tsiyapi.com\/wp-content\/uploads\/2023\/06\/1.2.2-min-1024x1024.jpg);\"><\/div>\r\n\t    <div class=\"portfolio-item-bg\"><\/div>\r\n\t    <div class=\"info\">\r\n\t      <span class=\"sub-title\">Yeni Projeler<\/span>\r\n\t      <h4 class=\"title\">TSI HILL SUITES<\/h4>\r\n\t      \t      <div class=\"project-description\">Alanya, Saray<\/div>\r\n\t  \t  \t      \t      <div class=\"view-more btn mgt-button\">Daha fazla g\u00f6ster<\/div>\r\n\t  \t  \t    <\/div>\r\n\t  <\/a>\r\n\t<\/div>\r\n\t<\/div>\r\n\t\t<div class=\"portfolio-item-block portfolio-item-animation-3 mix new-projects-tr\" data-item=\"1\" data-name=\"TSI SOHO RESIDENCE\">\r\n\t<div class=\"portfolio-item-block-inside\">\r\n\t  <a href=\"https:\/\/www.tsiyapi.com\/tr\/project\/tsi-sohoresidence\/\" target=\"_self\" rel=\"\" title=\"TSI SOHO RESIDENCE\">\r\n\t    <div class=\"portfolio-item-image\" data-style=\"background-image: url(https:\/\/www.tsiyapi.com\/wp-content\/uploads\/2023\/06\/1.1.e-min-1024x1024.jpg);\"><\/div>\r\n\t    <div class=\"portfolio-item-bg\"><\/div>\r\n\t    <div class=\"info\">\r\n\t      <span class=\"sub-title\">Yeni Projeler<\/span>\r\n\t      <h4 class=\"title\">TSI SOHO RESIDENCE<\/h4>\r\n\t      \t      <div class=\"project-description\">Alanya, Obag\u00f6l<\/div>\r\n\t  \t  \t      \t      <div class=\"view-more btn mgt-button\">Daha fazla g\u00f6ster<\/div>\r\n\t  \t  \t    <\/div>\r\n\t  <\/a>\r\n\t<\/div>\r\n\t<\/div>\r\n\t\t<div class=\"portfolio-item-block portfolio-item-animation-3 mix new-projects-tr\" data-item=\"2\" data-name=\"TSI GEMSTONE\">\r\n\t<div class=\"portfolio-item-block-inside\">\r\n\t  <a href=\"https:\/\/www.tsiyapi.com\/tr\/project\/tsi-gemstone\/\" target=\"_self\" rel=\"\" title=\"TSI GEMSTONE\">\r\n\t    <div class=\"portfolio-item-image\" data-style=\"background-image: url(https:\/\/www.tsiyapi.com\/wp-content\/uploads\/2022\/11\/as-min-1024x1024.jpg);\"><\/div>\r\n\t    <div class=\"portfolio-item-bg\"><\/div>\r\n\t    <div class=\"info\">\r\n\t      <span class=\"sub-title\">Yeni Projeler<\/span>\r\n\t      <h4 class=\"title\">TSI GEMSTONE<\/h4>\r\n\t      \t      <div class=\"project-description\">Alanya, Saray<\/div>\r\n\t  \t  \t      \t      <div class=\"view-more btn mgt-button\">Daha fazla g\u00f6ster<\/div>\r\n\t  \t  \t    <\/div>\r\n\t  <\/a>\r\n\t<\/div>\r\n\t<\/div>\r\n\t\t<div class=\"portfolio-item-block portfolio-item-animation-3 mix tamamlanan-projeler\" data-item=\"3\" data-name=\"TSI Obag\u00f6l\">\r\n\t<div class=\"portfolio-item-block-inside\">\r\n\t  <a href=\"https:\/\/www.tsiyapi.com\/tr\/project\/tsi-obagol\/\" target=\"_self\" rel=\"\" title=\"TSI Obag\u00f6l\">\r\n\t    <div class=\"portfolio-item-image\" data-style=\"background-image: url(https:\/\/www.tsiyapi.com\/wp-content\/uploads\/2021\/11\/4-TSI-obagol-Exterior3.jpeg);\"><\/div>\r\n\t    <div class=\"portfolio-item-bg\"><\/div>\r\n\t    <div class=\"info\">\r\n\t      <span class=\"sub-title\">Tamamlanan projeler<\/span>\r\n\t      <h4 class=\"title\">TSI Obag\u00f6l<\/h4>\r\n\t      \t      <div class=\"project-description\">Alanya, Oba<\/div>\r\n\t  \t  \t      \t      <div class=\"view-more btn mgt-button\">Daha fazla g\u00f6ster<\/div>\r\n\t  \t  \t    <\/div>\r\n\t  <\/a>\r\n\t<\/div>\r\n\t<\/div>\r\n\t\t<div class=\"portfolio-item-block portfolio-item-animation-3 mix tamamlanan-projeler\" data-item=\"1\" data-name=\"Kleopatra Ventri\">\r\n\t<div class=\"portfolio-item-block-inside\">\r\n\t  <a href=\"https:\/\/www.tsiyapi.com\/tr\/project\/kleopatra-ventri\/\" target=\"_self\" rel=\"\" title=\"Kleopatra Ventri\">\r\n\t    <div class=\"portfolio-item-image\" data-style=\"background-image: url(https:\/\/www.tsiyapi.com\/wp-content\/uploads\/2021\/11\/DJI_0789-min-1024x1024.jpg);\"><\/div>\r\n\t    <div class=\"portfolio-item-bg\"><\/div>\r\n\t    <div class=\"info\">\r\n\t      <span class=\"sub-title\">Tamamlanan projeler<\/span>\r\n\t      <h4 class=\"title\">Kleopatra Ventri<\/h4>\r\n\t      \t      \t      <div class=\"view-more btn mgt-button\">Daha fazla g\u00f6ster<\/div>\r\n\t  \t  \t    <\/div>\r\n\t  <\/a>\r\n\t<\/div>\r\n\t<\/div>\r\n\t\t<div class=\"portfolio-item-block portfolio-item-animation-3 mix tamamlanan-projeler\" data-item=\"2\" data-name=\"Kleopatra Littore\">\r\n\t<div class=\"portfolio-item-block-inside\">\r\n\t  <a href=\"https:\/\/www.tsiyapi.com\/tr\/project\/kleopatra-littore\/\" target=\"_self\" rel=\"\" title=\"Kleopatra Littore\">\r\n\t    <div class=\"portfolio-item-image\" data-style=\"background-image: url(https:\/\/www.tsiyapi.com\/wp-content\/uploads\/2021\/11\/IMG_2707-min-1024x1024.jpg);\"><\/div>\r\n\t    <div class=\"portfolio-item-bg\"><\/div>\r\n\t    <div class=\"info\">\r\n\t      <span class=\"sub-title\">Tamamlanan projeler<\/span>\r\n\t      <h4 class=\"title\">Kleopatra Littore<\/h4>\r\n\t      \t      \t      <div class=\"view-more btn mgt-button\">Daha fazla g\u00f6ster<\/div>\r\n\t  \t  \t    <\/div>\r\n\t  <\/a>\r\n\t<\/div>\r\n\t<\/div>\r\n\t\t<div class=\"portfolio-item-block portfolio-item-animation-3 mix tamamlanan-projeler\" data-item=\"3\" data-name=\"Keykubat Crown\">\r\n\t<div class=\"portfolio-item-block-inside\">\r\n\t  <a href=\"https:\/\/www.tsiyapi.com\/tr\/project\/keykubat-crown\/\" target=\"_self\" rel=\"\" title=\"Keykubat Crown\">\r\n\t    <div class=\"portfolio-item-image\" data-style=\"background-image: url(https:\/\/www.tsiyapi.com\/wp-content\/uploads\/2021\/11\/IMG_0012-1024x768.jpg);\"><\/div>\r\n\t    <div class=\"portfolio-item-bg\"><\/div>\r\n\t    <div class=\"info\">\r\n\t      <span class=\"sub-title\">Tamamlanan projeler<\/span>\r\n\t      <h4 class=\"title\">Keykubat Crown<\/h4>\r\n\t      \t      <div class=\"project-description\">Alanya, G\u00fcllerp\u0131nar\u0131<\/div>\r\n\t  \t  \t      \t      <div class=\"view-more btn mgt-button\">Daha fazla g\u00f6ster<\/div>\r\n\t  \t  \t    <\/div>\r\n\t  <\/a>\r\n\t<\/div>\r\n\t<\/div>\r\n\t\t<div class=\"portfolio-item-block portfolio-item-animation-3 mix tamamlanan-projeler\" data-item=\"1\" data-name=\"Park Vadi Evleri\">\r\n\t<div class=\"portfolio-item-block-inside\">\r\n\t  <a href=\"https:\/\/www.tsiyapi.com\/tr\/project\/park-vadi-evleri\/\" target=\"_self\" rel=\"\" title=\"Park Vadi Evleri\">\r\n\t    <div class=\"portfolio-item-image\" data-style=\"background-image: url(https:\/\/www.tsiyapi.com\/wp-content\/uploads\/2021\/11\/18-48-1024x768.jpg);\"><\/div>\r\n\t    <div class=\"portfolio-item-bg\"><\/div>\r\n\t    <div class=\"info\">\r\n\t      <span class=\"sub-title\">Tamamlanan projeler<\/span>\r\n\t      <h4 class=\"title\">Park Vadi Evleri<\/h4>\r\n\t      \t      <div class=\"project-description\">Alanya, \u00c7\u0131plakl\u0131<\/div>\r\n\t  \t  \t      \t      <div class=\"view-more btn mgt-button\">Daha fazla g\u00f6ster<\/div>\r\n\t  \t  \t    <\/div>\r\n\t  <\/a>\r\n\t<\/div>\r\n\t<\/div>\r\n\t\t<div class=\"portfolio-item-block portfolio-item-animation-3 mix tamamlanan-projeler\" data-item=\"2\" data-name=\"Cleopatra Palm\">\r\n\t<div class=\"portfolio-item-block-inside\">\r\n\t  <a href=\"https:\/\/www.tsiyapi.com\/tr\/project\/cleopatra-palm\/\" target=\"_self\" rel=\"\" title=\"Cleopatra Palm\">\r\n\t    <div class=\"portfolio-item-image\" data-style=\"background-image: url(https:\/\/www.tsiyapi.com\/wp-content\/uploads\/2021\/11\/IMG_1741-1024x768.jpg);\"><\/div>\r\n\t    <div class=\"portfolio-item-bg\"><\/div>\r\n\t    <div class=\"info\">\r\n\t      <span class=\"sub-title\">Tamamlanan projeler<\/span>\r\n\t      <h4 class=\"title\">Cleopatra Palm<\/h4>\r\n\t      \t      <div class=\"project-description\">Alanya, Kleopatra<\/div>\r\n\t  \t  \t      \t      <div class=\"view-more btn mgt-button\">Daha fazla g\u00f6ster<\/div>\r\n\t  \t  \t    <\/div>\r\n\t  <\/a>\r\n\t<\/div>\r\n\t<\/div>\r\n\t\t<div class=\"portfolio-item-block portfolio-item-animation-3 mix tamamlanan-projeler\" data-item=\"3\" data-name=\"Villa Bekto\">\r\n\t<div class=\"portfolio-item-block-inside\">\r\n\t  <a href=\"https:\/\/www.tsiyapi.com\/tr\/project\/villa-bekto\/\" target=\"_self\" rel=\"\" title=\"Villa Bekto\">\r\n\t    <div class=\"portfolio-item-image\" data-style=\"background-image: url(https:\/\/www.tsiyapi.com\/wp-content\/uploads\/2021\/11\/DSC_0316-rotated12-768x1024.jpeg);\"><\/div>\r\n\t    <div class=\"portfolio-item-bg\"><\/div>\r\n\t    <div class=\"info\">\r\n\t      <span class=\"sub-title\">Tamamlanan projeler<\/span>\r\n\t      <h4 class=\"title\">Villa Bekto<\/h4>\r\n\t      \t      <div class=\"project-description\">Alanya, Saray<\/div>\r\n\t  \t  \t      \t      <div class=\"view-more btn mgt-button\">Daha fazla g\u00f6ster<\/div>\r\n\t  \t  \t    <\/div>\r\n\t  <\/a>\r\n\t<\/div>\r\n\t<\/div>\r\n\t\t<div class=\"portfolio-item-block portfolio-item-animation-3 mix tamamlanan-projeler\" data-item=\"1\" data-name=\"Square Light Residence\">\r\n\t<div class=\"portfolio-item-block-inside\">\r\n\t  <a href=\"https:\/\/www.tsiyapi.com\/tr\/project\/square-light-residence\/\" target=\"_self\" rel=\"\" title=\"Square Light Residence\">\r\n\t    <div class=\"portfolio-item-image\" data-style=\"background-image: url(https:\/\/www.tsiyapi.com\/wp-content\/uploads\/2021\/11\/DJI_0661-min-1024x1024.jpg);\"><\/div>\r\n\t    <div class=\"portfolio-item-bg\"><\/div>\r\n\t    <div class=\"info\">\r\n\t      <span class=\"sub-title\">Tamamlanan projeler<\/span>\r\n\t      <h4 class=\"title\">Square Light Residence<\/h4>\r\n\t      \t      <div class=\"project-description\">Alanya, Centrum<\/div>\r\n\t  \t  \t      \t      <div class=\"view-more btn mgt-button\">Daha fazla g\u00f6ster<\/div>\r\n\t  \t  \t    <\/div>\r\n\t  <\/a>\r\n\t<\/div>\r\n\t<\/div>\r\n\t\t<div class=\"portfolio-item-block portfolio-item-animation-3 mix tamamlanan-projeler\" data-item=\"2\" data-name=\"Green Life Oba\">\r\n\t<div class=\"portfolio-item-block-inside\">\r\n\t  <a href=\"https:\/\/www.tsiyapi.com\/tr\/project\/green-life-oba\/\" target=\"_self\" rel=\"\" title=\"Green Life Oba\">\r\n\t    <div class=\"portfolio-item-image\" data-style=\"background-image: url(https:\/\/www.tsiyapi.com\/wp-content\/uploads\/2021\/11\/DJI_0713-min-1024x1024.jpg);\"><\/div>\r\n\t    <div class=\"portfolio-item-bg\"><\/div>\r\n\t    <div class=\"info\">\r\n\t      <span class=\"sub-title\">Tamamlanan projeler<\/span>\r\n\t      <h4 class=\"title\">Green Life Oba<\/h4>\r\n\t      \t      <div class=\"project-description\">Alanya, Oba<\/div>\r\n\t  \t  \t      \t      <div class=\"view-more btn mgt-button\">Daha fazla g\u00f6ster<\/div>\r\n\t  \t  \t    <\/div>\r\n\t  <\/a>\r\n\t<\/div>\r\n\t<\/div>\r\n\t\t<div class=\"portfolio-item-block portfolio-item-animation-3 mix tamamlanan-projeler\" data-item=\"3\" data-name=\"Cleopatra Suit\">\r\n\t<div class=\"portfolio-item-block-inside\">\r\n\t  <a href=\"https:\/\/www.tsiyapi.com\/tr\/project\/cleopatra-suit\/\" target=\"_self\" rel=\"\" title=\"Cleopatra Suit\">\r\n\t    <div class=\"portfolio-item-image\" data-style=\"background-image: url(https:\/\/www.tsiyapi.com\/wp-content\/uploads\/2021\/11\/1suite_resize-1024x768.jpg);\"><\/div>\r\n\t    <div class=\"portfolio-item-bg\"><\/div>\r\n\t    <div class=\"info\">\r\n\t      <span class=\"sub-title\">Tamamlanan projeler<\/span>\r\n\t      <h4 class=\"title\">Cleopatra Suit<\/h4>\r\n\t      \t      <div class=\"project-description\">Alanya, Kleopatra<\/div>\r\n\t  \t  \t      \t      <div class=\"view-more btn mgt-button\">Daha fazla g\u00f6ster<\/div>\r\n\t  \t  \t    <\/div>\r\n\t  <\/a>\r\n\t<\/div>\r\n\t<\/div>\r\n\t\t<div class=\"portfolio-item-block portfolio-item-animation-3 mix tamamlanan-projeler\" data-item=\"1\" data-name=\"Cleopatra Crown\">\r\n\t<div class=\"portfolio-item-block-inside\">\r\n\t  <a href=\"https:\/\/www.tsiyapi.com\/tr\/project\/cleopatra-crown\/\" target=\"_self\" rel=\"\" title=\"Cleopatra Crown\">\r\n\t    <div class=\"portfolio-item-image\" data-style=\"background-image: url(https:\/\/www.tsiyapi.com\/wp-content\/uploads\/2021\/11\/IMG_0012-1024x768.jpg);\"><\/div>\r\n\t    <div class=\"portfolio-item-bg\"><\/div>\r\n\t    <div class=\"info\">\r\n\t      <span class=\"sub-title\">Tamamlanan projeler<\/span>\r\n\t      <h4 class=\"title\">Cleopatra Crown<\/h4>\r\n\t      \t      <div class=\"project-description\">Alanya, Kleopatra<\/div>\r\n\t  \t  \t      \t      <div class=\"view-more btn mgt-button\">Daha fazla g\u00f6ster<\/div>\r\n\t  \t  \t    <\/div>\r\n\t  <\/a>\r\n\t<\/div>\r\n\t<\/div>\r\n\t\t<div class=\"portfolio-item-block portfolio-item-animation-3 mix tamamlanan-projeler\" data-item=\"2\" data-name=\"Cleopatra City 2\">\r\n\t<div class=\"portfolio-item-block-inside\">\r\n\t  <a href=\"https:\/\/www.tsiyapi.com\/tr\/project\/cleopatra-city-2\/\" target=\"_self\" rel=\"\" title=\"Cleopatra City 2\">\r\n\t    <div class=\"portfolio-item-image\" data-style=\"background-image: url(https:\/\/www.tsiyapi.com\/wp-content\/uploads\/2021\/11\/352-1024x768.jpeg);\"><\/div>\r\n\t    <div class=\"portfolio-item-bg\"><\/div>\r\n\t    <div class=\"info\">\r\n\t      <span class=\"sub-title\">Tamamlanan projeler<\/span>\r\n\t      <h4 class=\"title\">Cleopatra City 2<\/h4>\r\n\t      \t      <div class=\"project-description\">Alanya, Kleopatra<\/div>\r\n\t  \t  \t      \t      <div class=\"view-more btn mgt-button\">Daha fazla g\u00f6ster<\/div>\r\n\t  \t  \t    <\/div>\r\n\t  <\/a>\r\n\t<\/div>\r\n\t<\/div>\r\n\t\t<div class=\"portfolio-item-block portfolio-item-animation-3 mix tamamlanan-projeler\" data-item=\"3\" data-name=\"Cleopatra City 1\">\r\n\t<div class=\"portfolio-item-block-inside\">\r\n\t  <a href=\"https:\/\/www.tsiyapi.com\/tr\/project\/cleopatra-city-1\/\" target=\"_self\" rel=\"\" title=\"Cleopatra City 1\">\r\n\t    <div class=\"portfolio-item-image\" data-style=\"background-image: url(https:\/\/www.tsiyapi.com\/wp-content\/uploads\/2021\/11\/IMG_0881-1024x768.jpg);\"><\/div>\r\n\t    <div class=\"portfolio-item-bg\"><\/div>\r\n\t    <div class=\"info\">\r\n\t      <span class=\"sub-title\">Tamamlanan projeler<\/span>\r\n\t      <h4 class=\"title\">Cleopatra City 1<\/h4>\r\n\t      \t      <div class=\"project-description\">Alanya, Kleopatra<\/div>\r\n\t  \t  \t      \t      <div class=\"view-more btn mgt-button\">Daha fazla g\u00f6ster<\/div>\r\n\t  \t  \t    <\/div>\r\n\t  <\/a>\r\n\t<\/div>\r\n\t<\/div>\r\n\t\t<div class=\"portfolio-item-block portfolio-item-animation-3 mix new-projects-tr\" data-item=\"1\" data-name=\"THE HIGHLANDS\">\r\n\t<div class=\"portfolio-item-block-inside\">\r\n\t  <a href=\"https:\/\/www.tsiyapi.com\/tr\/project\/highlands\/\" target=\"_self\" rel=\"\" title=\"THE HIGHLANDS\">\r\n\t    <div class=\"portfolio-item-image\" data-style=\"background-image: url(https:\/\/www.tsiyapi.com\/wp-content\/uploads\/2021\/11\/A6.jpg);\"><\/div>\r\n\t    <div class=\"portfolio-item-bg\"><\/div>\r\n\t    <div class=\"info\">\r\n\t      <span class=\"sub-title\">Yeni Projeler<\/span>\r\n\t      <h4 class=\"title\">THE HIGHLANDS<\/h4>\r\n\t      \t      <div class=\"project-description\">Alanya, Hasbah\u00e7e<\/div>\r\n\t  \t  \t      \t      <div class=\"view-more btn mgt-button\">Daha fazla g\u00f6ster<\/div>\r\n\t  \t  \t    <\/div>\r\n\t  <\/a>\r\n\t<\/div>\r\n\t<\/div>\r\n\t\t<div class=\"portfolio-item-block portfolio-item-animation-3 mix tamamlanan-projeler\" data-item=\"2\" data-name=\"Begonvil Evleri\">\r\n\t<div class=\"portfolio-item-block-inside\">\r\n\t  <a href=\"https:\/\/www.tsiyapi.com\/tr\/project\/begonvil-evleri\/\" target=\"_self\" rel=\"\" title=\"Begonvil Evleri\">\r\n\t    <div class=\"portfolio-item-image\" data-style=\"background-image: url(https:\/\/www.tsiyapi.com\/wp-content\/uploads\/2021\/11\/DJI_0728-min-1024x1024.jpg);\"><\/div>\r\n\t    <div class=\"portfolio-item-bg\"><\/div>\r\n\t    <div class=\"info\">\r\n\t      <span class=\"sub-title\">Tamamlanan projeler<\/span>\r\n\t      <h4 class=\"title\">Begonvil Evleri<\/h4>\r\n\t      \t      <div class=\"project-description\">Alanya, Kad\u0131pa\u015fa<\/div>\r\n\t  \t  \t      \t      <div class=\"view-more btn mgt-button\">Daha fazla g\u00f6ster<\/div>\r\n\t  \t  \t    <\/div>\r\n\t  <\/a>\r\n\t<\/div>\r\n\t<\/div>\r\n\t\t<div class=\"portfolio-item-block portfolio-item-animation-3 mix tamamlanan-projeler\" data-item=\"3\" data-name=\"Alaiye Residence &#8211; Sug\u00f6z\u00fc\">\r\n\t<div class=\"portfolio-item-block-inside\">\r\n\t  <a href=\"https:\/\/www.tsiyapi.com\/tr\/project\/alaiye-residence-sugozu\/\" target=\"_self\" rel=\"\" title=\"Alaiye Residence &#8211; Sug\u00f6z\u00fc\">\r\n\t    <div class=\"portfolio-item-image\" data-style=\"background-image: url(https:\/\/www.tsiyapi.com\/wp-content\/uploads\/2021\/11\/2-1024x626-1-1024x768.jpg);\"><\/div>\r\n\t    <div class=\"portfolio-item-bg\"><\/div>\r\n\t    <div class=\"info\">\r\n\t      <span class=\"sub-title\">Tamamlanan projeler<\/span>\r\n\t      <h4 class=\"title\">Alaiye Residence &#8211; Sug\u00f6z\u00fc<\/h4>\r\n\t      \t      <div class=\"project-description\">Alanya, Sug\u00f6z\u00fc<\/div>\r\n\t  \t  \t      \t      <div class=\"view-more btn mgt-button\">Daha fazla g\u00f6ster<\/div>\r\n\t  \t  \t    <\/div>\r\n\t  <\/a>\r\n\t<\/div>\r\n\t<\/div>\r\n\t\t<div class=\"portfolio-item-block portfolio-item-animation-3 mix tamamlanan-projeler\" data-item=\"1\" data-name=\"Alaiye Residence &#8211; Cikcilli\">\r\n\t<div class=\"portfolio-item-block-inside\">\r\n\t  <a href=\"https:\/\/www.tsiyapi.com\/tr\/project\/alaiye-residence-cikcilli\/\" target=\"_self\" rel=\"\" title=\"Alaiye Residence &#8211; Cikcilli\">\r\n\t    <div class=\"portfolio-item-image\" data-style=\"background-image: url(https:\/\/www.tsiyapi.com\/wp-content\/uploads\/2021\/11\/DSC02011-1024x768.jpg);\"><\/div>\r\n\t    <div class=\"portfolio-item-bg\"><\/div>\r\n\t    <div class=\"info\">\r\n\t      <span class=\"sub-title\">Tamamlanan projeler<\/span>\r\n\t      <h4 class=\"title\">Alaiye Residence &#8211; Cikcilli<\/h4>\r\n\t      \t      <div class=\"project-description\">Alanya, Cikcilli<\/div>\r\n\t  \t  \t      \t      <div class=\"view-more btn mgt-button\">Daha fazla g\u00f6ster<\/div>\r\n\t  \t  \t    <\/div>\r\n\t  <\/a>\r\n\t<\/div>\r\n\t<\/div>\r\n\t\t<div class=\"portfolio-item-block portfolio-item-animation-3 mix tamamlanan-projeler\" data-item=\"2\" data-name=\"Alaiye Residence &#8211; Saray\">\r\n\t<div class=\"portfolio-item-block-inside\">\r\n\t  <a href=\"https:\/\/www.tsiyapi.com\/tr\/project\/alaiye-residence-saray\/\" target=\"_self\" rel=\"\" title=\"Alaiye Residence &#8211; Saray\">\r\n\t    <div class=\"portfolio-item-image\" data-style=\"background-image: url(https:\/\/www.tsiyapi.com\/wp-content\/uploads\/2016\/03\/1016200.jpg);\"><\/div>\r\n\t    <div class=\"portfolio-item-bg\"><\/div>\r\n\t    <div class=\"info\">\r\n\t      <span class=\"sub-title\">Tamamlanan projeler<\/span>\r\n\t      <h4 class=\"title\">Alaiye Residence &#8211; Saray<\/h4>\r\n\t      \t      <div class=\"project-description\">Alanya, Saray<\/div>\r\n\t  \t  \t      \t      <div class=\"view-more btn mgt-button\">Daha fazla g\u00f6ster<\/div>\r\n\t  \t  \t    <\/div>\r\n\t  <\/a>\r\n\t<\/div>\r\n\t<\/div>\r\n\t\t         \r\n\t\r\n\t<\/div>\r\n\r\n\r\n<script>(function($){\r\n\t    $(document).ready(function() {\r\n\r\n\t\t    $(\"#portfolio-list\").mixItUp({effects:[\"fade\",\"scale\"],easing:\"snap\"});\r\n\r\n\t    });})(jQuery);<\/script>[\/vc_column][\/vc_row]<\/p>\n","protected":false},"excerpt":{"rendered":"<p>&#8230;<\/p>\n","protected":false},"author":1,"featured_media":0,"parent":0,"menu_order":0,"comment_status":"closed","ping_status":"closed","template":"","meta":{"footnotes":""},"class_list":["post-5516","page","type-page","status-publish","hentry"],"_links":{"self":[{"href":"https:\/\/www.tsiyapi.com\/tr\/wp-json\/wp\/v2\/pages\/5516","targetHints":{"allow":["GET"]}}],"collection":[{"href":"https:\/\/www.tsiyapi.com\/tr\/wp-json\/wp\/v2\/pages"}],"about":[{"href":"https:\/\/www.tsiyapi.com\/tr\/wp-json\/wp\/v2\/types\/page"}],"author":[{"embeddable":true,"href":"https:\/\/www.tsiyapi.com\/tr\/wp-json\/wp\/v2\/users\/1"}],"replies":[{"embeddable":true,"href":"https:\/\/www.tsiyapi.com\/tr\/wp-json\/wp\/v2\/comments?post=5516"}],"version-history":[{"count":2,"href":"https:\/\/www.tsiyapi.com\/tr\/wp-json\/wp\/v2\/pages\/5516\/revisions"}],"predecessor-version":[{"id":5530,"href":"https:\/\/www.tsiyapi.com\/tr\/wp-json\/wp\/v2\/pages\/5516\/revisions\/5530"}],"wp:attachment":[{"href":"https:\/\/www.tsiyapi.com\/tr\/wp-json\/wp\/v2\/media?parent=5516"}],"curies":[{"name":"wp","href":"https:\/\/api.w.org\/{rel}","templated":true}]}}