{"id":8667,"date":"2021-11-27T12:40:31","date_gmt":"2021-11-27T12:40:31","guid":{"rendered":"https:\/\/www.tsiyapi.com\/%d1%81%d0%b0%d0%bc%d0%b5%d1%82-%d1%83%d0%b3%d1%83%d1%80%d0%bb%d1%83\/"},"modified":"2023-09-11T09:18:31","modified_gmt":"2023-09-11T09:18:31","slug":"samet-ugurlu","status":"publish","type":"page","link":"https:\/\/www.tsiyapi.com\/ru\/samet-ugurlu\/","title":{"rendered":"Samet U\u011furlu"},"content":{"rendered":"<p>[vc_row][vc_column]<div class=\"mgt-header-block clearfix text-left text-black wpb_content_element  mgt-header-block-style-1 mgt-header-texttransform-both  vc_custom_1639380441987\"><h2 class=\"mgt-header-block-title\">Samet U\u011furlu<\/h2><p class=\"mgt-header-block-subtitle\">\u041f\u0430\u0440\u0442\u043d\u0435\u0440-\u043e\u0441\u043d\u043e\u0432\u0430\u0442\u0435\u043b\u044c<\/p><div class=\"mgt-header-line\"><\/div><\/div>[\/vc_column][\/vc_row][vc_row][vc_column width=&#187;1\/4&#8243;][vc_single_image image=&#187;4249&#8243; img_size=&#187;medium&#187; css_animation=&#187;left-to-right&#187;][\/vc_column][vc_column width=&#187;3\/4&#8243;][vc_column_text css_animation=&#187;left-to-right&#187;]Samet U\u011furlu, \u0440\u043e\u0434\u0438\u043b\u0441\u044f \u0432 1980 \u0433\u043e\u0434\u0443 \u0432 \u0410\u043b\u0430\u043d\u044c\u0435. \u0416\u0435\u043d\u0430\u0442, \u043e\u0442\u0435\u0446 \u0442\u0440\u043e\u0438\u0445 \u0434\u0435\u0442\u0435\u0439. \u0421 2000-\u0445 \u0433\u043e\u0434\u043e\u0432 Samet \u0431\u0435\u0439 \u043d\u0430\u0447\u0430\u043b \u043f\u0440\u043e\u0444\u0435\u0441\u0441\u0438\u043e\u043d\u0430\u043b\u044c\u043d\u0443\u044e \u0434\u0435\u044f\u0442\u0435\u043b\u044c\u043d\u043e\u0441\u0442\u044c \u00a0\u0432 \u0441\u0444\u0435\u0440\u0435 \u043d\u0435\u0434\u0432\u0438\u0436\u0438\u043c\u043e\u0441\u0442\u0438 \u0438 \u0441\u0442\u0440\u043e\u0438\u0442\u0435\u043b\u044c\u043d\u043e\u0433\u043e \u0441\u0435\u043a\u0442\u043e\u0440\u0430. \u0412 2009 \u0433\u043e\u0434\u0443 \u0432 \u0441\u043e\u0441\u0442\u0430\u0432\u0435 \u0442\u0440\u0435\u0445 \u043f\u0430\u0440\u0442\u043d\u0435\u0440\u043e\u0432 \u0431\u044b\u043b\u0430 \u043e\u0441\u043d\u043e\u0432\u0430\u043d\u0430 \u043a\u043e\u043c\u043f\u0430\u043d\u0438\u044f TS\u0130 Yap\u0131 \u0130nshaat Taahh\u00fct Tic.A.\u015e. \u0412 \u044d\u0442\u043e\u043c \u0433\u043e\u0434\u0443 TSI Yap\u0131 \u0443\u0441\u043f\u0435\u0448\u043d\u043e \u0437\u0430\u0432\u0435\u0440\u0448\u0438\u043b\u0430 \u0441\u0442\u0440\u043e\u0438\u0442\u0435\u043b\u044c\u0441\u0442\u0432\u043e \u0431\u043e\u043b\u0435\u0435 20 \u0440\u0435\u0437\u0438\u0434\u0435\u043d\u0446\u0438\u0439 \u043f\u043b\u043e\u0449\u0430\u0434\u044c\u044e \u0431\u043e\u043b\u0435\u0435 70 000 \u043c2.<\/p>\n<p>Samet U\u011furlu \u0442\u0430\u043a\u0436\u0435 \u044f\u0432\u043b\u044f\u0435\u0442\u0441\u044f \u0447\u043b\u0435\u043d\u043e\u043c HSU Yap\u0131 \u0130nshaat Taahh\u00fct T\u0130C. \u041e\u043d \u0432\u0445\u043e\u0434\u0438\u0442 \u0432 \u0441\u043e\u0432\u0435\u0442 \u0434\u0438\u0440\u0435\u043a\u0442\u043e\u0440\u043e\u0432 A.\u015e. \u0412 \u0440\u0430\u043c\u043a\u0430\u0445 \u044d\u0442\u043e\u0439 \u043a\u043e\u043c\u043f\u0430\u043d\u0438\u0438 \u043f\u0440\u043e\u0432\u043e\u0434\u0438\u0442\u0441\u044f \u0441\u0442\u0440\u043e\u0438\u0442\u0435\u043b\u044c\u0441\u0442\u0432\u043e \u0438\u00a0 \u0430\u0440\u0435\u043d\u0434\u044b \u043f\u043e\u043c\u0435\u0449\u0435\u043d\u0438\u0439 \u0441 \u0440\u0430\u0437\u043b\u0438\u0447\u043d\u044b\u043c\u0438 \u0438\u043d\u0432\u0435\u0441\u0442\u0438\u0446\u0438\u044f\u043c\u0438. \u0423\u0433\u0443\u0440\u043b\u0443 \u0438\u043d\u0432\u0435\u0441\u0442\u0438\u0440\u0443\u0435\u0442 \u0432 \u0440\u0430\u0437\u043b\u0438\u0447\u043d\u044b\u0435 \u043e\u0431\u043b\u0430\u0441\u0442\u0438, \u043e\u0441\u043e\u0431\u0435\u043d\u043d\u043e \u0432 \u0441\u0435\u043b\u044c\u0441\u043a\u043e\u0435 \u0445\u043e\u0437\u044f\u0439\u0441\u0442\u0432\u043e.<\/p>\n<h3><img loading=\"lazy\" decoding=\"async\" class=\"alignnone wp-image-3921 \" src=\"https:\/\/www.tsiyapi.com\/wp-content\/uploads\/2021\/11\/samet-ugurlu-sign.png\" alt=\"\" width=\"207\" height=\"35\" \/><\/h3>\n<p>[\/vc_column_text][\/vc_column][\/vc_row][vc_row css=&#187;.vc_custom_1464103676838{margin-right: 0px !important;margin-bottom: 50px !important;margin-left: 0px !important;padding-top: 30px !important;padding-right: 30px !important;padding-bottom: 30px !important;padding-left: 30px !important;background: #2a2f35 url(https:\/\/www.tsiyapi.com\/wp-content\/uploads\/2016\/04\/import_placeholder.png?id=1506) !important;background-position: 0 0 !important;background-repeat: repeat !important;}&#187;][vc_column width=&#187;1\/3&#8243;]<div class=\"mgt-icon-box wpb_content_element wpb_animate_when_almost_visible wpb_left-to-right mgt-icon-box-right mgt-icon-fa text-white \"><div class=\"mgt-icon-box-icon hvr-icon-push\"><div class=\"mgt-font-icon\"><i class=\"fa fa-phone\"><\/i><\/div><\/div><div class=\"mgt-icon-box-content\"><h5>\u041a\u043e\u043d\u0442\u0430\u043a\u0442\u043d\u0430\u044f \u0438\u043d\u0444\u043e\u0440\u043c\u0430\u0446\u0438\u044f<\/h5><\/p>\n<div class=\"phone\">+90 242 515 04 24<\/div>\n<div class=\"phone\"><a class=\"__cf_email__\" href=\"https:\/\/www.tsiyapi.com\/ru\/project\/alaiye-residence-cikcilli\/alaiye-residence-cikcilli-2\/#\">alanya@tsiyapi.com<\/a><\/div>\n<p><\/div><div class=\"clearfix\"><\/div><\/div>[\/vc_column][vc_column width=&#187;1\/3&#8243;]<div class=\"mgt-icon-box wpb_content_element wpb_animate_when_almost_visible wpb_left-to-right mgt-icon-box-right mgt-icon-fa text-white \"><div class=\"mgt-icon-box-icon hvr-icon-push\"><div class=\"mgt-font-icon\"><i class=\"fa fa-map\"><\/i><\/div><\/div><div class=\"mgt-icon-box-content\"><h5>\u0410\u0434\u0440\u0435\u0441\u043d\u0430\u044f \u0438\u043d\u0444\u043e\u0440\u043c\u0430\u0446\u0438\u044f<\/h5>Sug\u00f6z\u00fc Mahallesi, Keykubat Bulvar\u0131 No:47 \u0410\u043b\u0430\u043d\u044c\u044f\/\u0410\u043d\u0442\u0430\u043b\u0438\u044f<\/p>\n<p><\/div><div class=\"clearfix\"><\/div><\/div>[\/vc_column][vc_column width=&#187;1\/3&#8243;]<div class=\"mgt-icon-box wpb_content_element wpb_animate_when_almost_visible wpb_left-to-right mgt-icon-box-right mgt-icon-fa text-white \"><div class=\"mgt-icon-box-icon hvr-icon-push\"><div class=\"mgt-font-icon\"><i class=\"fa fa-question-circle\"><\/i><\/div><\/div><div class=\"mgt-icon-box-content\"><h5>\u041c\u044b \u043c\u043e\u0436\u0435\u043c \u043f\u043e\u043c\u043e\u0447\u044c<\/h5>\u0423 \u0432\u0430\u0441 \u0435\u0441\u0442\u044c \u0441\u0442\u0440\u043e\u0438\u0442\u0435\u043b\u044c\u043d\u044b\u0439 \u043f\u0440\u043e\u0435\u043a\u0442?<br \/>\n\u041f\u0440\u0438\u0441\u044b\u043b\u0430\u0439\u0442\u0435 \u0438\u043d\u0444\u043e\u0440\u043c\u0430\u0446\u0438\u044e \u043d\u0430\u043c!<\/div><div class=\"clearfix\"><\/div><\/div>[\/vc_column][\/vc_row][vc_row][vc_column width=&#187;1\/4&#8243;]<div class=\"mgt-header-block clearfix text-left text-black wpb_content_element  mgt-header-block-style-1 mgt-header-texttransform-subheader  vc_custom_1464103235021\"><h3 class=\"mgt-header-block-title\">\u0424\u043e\u0440\u043c\u0430 \u0434\u043b\u044f \u043e\u0431\u0440\u0430\u0442\u043d\u043e\u0439 \u0441\u0432\u044f\u0437\u0438<\/h3><p class=\"mgt-header-block-subtitle\">\u0441\u0432\u044f\u0436\u0438\u0442\u0435\u0441\u044c \u0441 \u043d\u0430\u043c\u0438<\/p><div class=\"mgt-header-line\"><\/div><\/div>[vc_column_text css_animation=&#187;left-to-right&#187;]\u0415\u0441\u043b\u0438 \u0432\u044b \u0445\u043e\u0442\u0438\u0442\u0435 \u043f\u043e\u043b\u0443\u0447\u0438\u0442\u044c \u0431\u0435\u0441\u043f\u043b\u0430\u0442\u043d\u0443\u044e \u043a\u043e\u043d\u0441\u0443\u043b\u044c\u0442\u0430\u0446\u0438\u044e, \u043f\u043e\u0436\u0430\u043b\u0443\u0439\u0441\u0442\u0430, \u0437\u0430\u043f\u043e\u043b\u043d\u0438\u0442\u0435 \u0444\u043e\u0440\u043c\u0443:[\/vc_column_text][\/vc_column][vc_column width=&#187;3\/4&#8243;]\n<div class=\"wpcf7 no-js\" id=\"wpcf7-f8682-o1\" lang=\"ru-RU\" dir=\"ltr\" data-wpcf7-id=\"8682\">\n<div class=\"screen-reader-response\"><p role=\"status\" aria-live=\"polite\" aria-atomic=\"true\"><\/p> <ul><\/ul><\/div>\n<form action=\"\/ru\/wp-json\/wp\/v2\/pages\/8667#wpcf7-f8682-o1\" method=\"post\" class=\"wpcf7-form init\" aria-label=\"\u041a\u043e\u043d\u0442\u0430\u043a\u0442\u043d\u0430\u044f \u0444\u043e\u0440\u043c\u0430\" novalidate=\"novalidate\" data-status=\"init\">\n<div style=\"display: none;\">\n<input type=\"hidden\" name=\"_wpcf7\" value=\"8682\" \/>\n<input type=\"hidden\" name=\"_wpcf7_version\" value=\"6.0.2\" \/>\n<input type=\"hidden\" name=\"_wpcf7_locale\" value=\"ru_RU\" \/>\n<input type=\"hidden\" name=\"_wpcf7_unit_tag\" value=\"wpcf7-f8682-o1\" \/>\n<input type=\"hidden\" name=\"_wpcf7_container_post\" value=\"0\" \/>\n<input type=\"hidden\" name=\"_wpcf7_posted_data_hash\" value=\"\" \/>\n<\/div>\n<div class=\"row\">\n\t<div class=\"col-md-6\">\n\t\t<p><span class=\"wpcf7-form-control-wrap\" data-name=\"your-name\"><input size=\"40\" maxlength=\"400\" class=\"wpcf7-form-control wpcf7-text wpcf7-validates-as-required\" aria-required=\"true\" aria-invalid=\"false\" placeholder=\"\u0418\u043c\u044f *\" value=\"\" type=\"text\" name=\"your-name\" \/><\/span>\n\t\t<\/p>\n\t\t<p><span class=\"wpcf7-form-control-wrap\" data-name=\"your-email\"><input size=\"40\" maxlength=\"400\" class=\"wpcf7-form-control wpcf7-email wpcf7-validates-as-required wpcf7-text wpcf7-validates-as-email\" aria-required=\"true\" aria-invalid=\"false\" placeholder=\"\u042d\u043b. \u0430\u0434\u0440\u0435\u0441 *\" value=\"\" type=\"email\" name=\"your-email\" \/><\/span>\n\t\t<\/p>\n\t<\/div>\n\t<div class=\"col-md-6\">\n\t\t<p><span class=\"wpcf7-form-control-wrap\" data-name=\"your-company\"><input size=\"40\" maxlength=\"400\" class=\"wpcf7-form-control wpcf7-text\" aria-invalid=\"false\" placeholder=\"\u041a\u043e\u043c\u043f\u0430\u043d\u0438\u044f\" value=\"\" type=\"text\" name=\"your-company\" \/><\/span>\n\t\t<\/p>\n\t\t<p><span class=\"wpcf7-form-control-wrap\" data-name=\"your-subject\"><input size=\"40\" maxlength=\"400\" class=\"wpcf7-form-control wpcf7-text\" aria-invalid=\"false\" placeholder=\"\u041f\u0440\u0435\u0434\u043c\u0435\u0442\" value=\"\" type=\"text\" name=\"your-subject\" \/><\/span>\n\t\t<\/p>\n\t<\/div>\n\t<div class=\"col-md-12\">\n\t\t<p><span class=\"wpcf7-form-control-wrap\" data-name=\"your-message\"><textarea cols=\"40\" rows=\"10\" maxlength=\"2000\" class=\"wpcf7-form-control wpcf7-textarea\" aria-invalid=\"false\" placeholder=\"\u0421\u043e\u043e\u0431\u0449\u0435\u043d\u0438\u0435\" name=\"your-message\"><\/textarea><\/span><input class=\"wpcf7-form-control wpcf7-submit has-spinner\" type=\"submit\" value=\"\u041e\u0422\u041f\u0420\u0410\u0412\u0418\u0422\u042c\" \/>\n\t\t<\/p>\n\t<\/div>\n<\/div><div class=\"wpcf7-response-output\" aria-hidden=\"true\"><\/div>\n<\/form>\n<\/div>\n[\/vc_column][\/vc_row]<\/p>\n","protected":false},"excerpt":{"rendered":"<p>&#8230;<\/p>\n","protected":false},"author":1,"featured_media":0,"parent":0,"menu_order":0,"comment_status":"closed","ping_status":"closed","template":"","meta":{"footnotes":""},"class_list":["post-8667","page","type-page","status-publish","hentry"],"_links":{"self":[{"href":"https:\/\/www.tsiyapi.com\/ru\/wp-json\/wp\/v2\/pages\/8667","targetHints":{"allow":["GET"]}}],"collection":[{"href":"https:\/\/www.tsiyapi.com\/ru\/wp-json\/wp\/v2\/pages"}],"about":[{"href":"https:\/\/www.tsiyapi.com\/ru\/wp-json\/wp\/v2\/types\/page"}],"author":[{"embeddable":true,"href":"https:\/\/www.tsiyapi.com\/ru\/wp-json\/wp\/v2\/users\/1"}],"replies":[{"embeddable":true,"href":"https:\/\/www.tsiyapi.com\/ru\/wp-json\/wp\/v2\/comments?post=8667"}],"version-history":[{"count":7,"href":"https:\/\/www.tsiyapi.com\/ru\/wp-json\/wp\/v2\/pages\/8667\/revisions"}],"predecessor-version":[{"id":9647,"href":"https:\/\/www.tsiyapi.com\/ru\/wp-json\/wp\/v2\/pages\/8667\/revisions\/9647"}],"wp:attachment":[{"href":"https:\/\/www.tsiyapi.com\/ru\/wp-json\/wp\/v2\/media?parent=8667"}],"curies":[{"name":"wp","href":"https:\/\/api.w.org\/{rel}","templated":true}]}}