{"id":8580,"date":"2016-05-18T15:15:43","date_gmt":"2016-05-18T15:15:43","guid":{"rendered":"https:\/\/www.tsiyapi.com\/%d0%bd%d0%b0%d1%88%d0%b0-%d0%ba%d0%be%d0%bc%d0%b0%d0%bd%d0%b4%d0%b0\/"},"modified":"2026-01-13T12:29:27","modified_gmt":"2026-01-13T12:29:27","slug":"%d0%bd%d0%b0%d1%88%d0%b0-%d0%ba%d0%be%d0%bc%d0%b0%d0%bd%d0%b4%d0%b0","status":"publish","type":"page","link":"https:\/\/www.tsiyapi.com\/ru\/%d0%bd%d0%b0%d1%88%d0%b0-%d0%ba%d0%be%d0%bc%d0%b0%d0%bd%d0%b4%d0%b0\/","title":{"rendered":"\u0421\u043e\u0432\u0435\u0442 \u0434\u0438\u0440\u0435\u043a\u0442\u043e\u0440\u043e\u0432"},"content":{"rendered":"<p>[vc_row][vc_column][vc_separator][\/vc_column][\/vc_row][vc_row css=&#187;.vc_custom_1463584631102{padding-bottom: 50px !important;}&#187;][vc_column width=&#187;1\/3&#8243;][vc_single_image image=&#187;3906&#8243; img_size=&#187;full&#187; onclick=&#187;custom_link&#187; css_animation=&#187;left-to-right&#187; link=&#187;https:\/\/www.tsiyapi.com\/ru\/tahir-tuluk\/&#187;][vc_column_text css_animation=&#187;left-to-right&#187;]<\/p>\n<h3 class=\"no_stripe\">Tahir Tuluk<\/h3>\n<h5 class=\"staff_department\"><span style=\"color: #999999;\">Founder Partner<\/span><\/h5>\n<h5 class=\"staff_department\">Tahir Tuluk was born in Alanya in 1963, married and has three children. He received his primary and secondary education in Alanya and a bachelor&#8217;s degree in business administration from York University in Turkey&#8230;<\/h5>\n<p>[\/vc_column_text]<div class=\"mgt-button-wrapper mgt-button-wrapper-align-left mgt-button-wrapper-display-newline mgt-button-top-margin-enable\"><a class=\"btn hvr-icon-wobble-horizontal mgt-button mgt-style-borderedgrey mgt-size-small mgt-align-left mgt-display-newline mgt-text-size-small mgt-button-icon-position-right mgt-text-transform-uppercase  wpb_animate_when_almost_visible wpb_left-to-right\" href=\"https:\/\/www.tsiyapi.com\/tahir-tuluk\/\">VIEW PROFILE<i class=\"fa fa-arrow-right\"><\/i><\/a><\/div>[\/vc_column][vc_column width=&#187;1\/3&#8243;][vc_single_image image=&#187;4249&#8243; img_size=&#187;full&#187; onclick=&#187;custom_link&#187; css_animation=&#187;left-to-right&#187; link=&#187;https:\/\/www.tsiyapi.com\/ru\/samet-ugurlu\/&#187;][vc_column_text css_animation=&#187;left-to-right&#187;]<\/p>\n<h3 class=\"no_stripe\">Samet U\u011furlu<\/h3>\n<h5 class=\"staff_department\"><span style=\"color: #999999;\">Founder Partner<\/span><\/h5>\n<h5>Samet U\u011furlu was born in Alanya in 1980, is married and has three children. He completed his education life in Alanya. HSU Yap\u0131 In\u015faat Taah. Tic. A.\u015e&#8217;s Board of Directors continues to this day&#8230;<\/h5>\n<p>[\/vc_column_text]<div class=\"mgt-button-wrapper mgt-button-wrapper-align-left mgt-button-wrapper-display-newline mgt-button-top-margin-enable\"><a class=\"btn hvr-icon-wobble-horizontal mgt-button mgt-style-borderedgrey mgt-size-small mgt-align-left mgt-display-newline mgt-text-size-small mgt-button-icon-position-right mgt-text-transform-uppercase  wpb_animate_when_almost_visible wpb_left-to-right\" href=\"https:\/\/www.tsiyapi.com\/samet-ugurlu\/\">VIEW PROFILE<i class=\"fa fa-arrow-right\"><\/i><\/a><\/div>[\/vc_column][vc_column width=&#187;1\/3&#8243;][vc_single_image image=&#187;10923&#8243; img_size=&#187;full&#187; onclick=&#187;custom_link&#187; css_animation=&#187;left-to-right&#187; link=&#187;https:\/\/www.tsiyapi.com\/ibat-bostanci\/&#187;][vc_column_text css_animation=&#187;left-to-right&#187;]<\/p>\n<h3 class=\"no_stripe\">\u0130bat Bostanc\u0131<\/h3>\n<h5 class=\"staff_department\"><span style=\"color: #999999;\">Founder Partner<\/span><\/h5>\n<h5>\u0130bat Bostanc\u0131 was born in 1974 in Alanya. He is married and has three childrens. He started his primary and secondary education in Alanya and continued his studies in secondary education in Antalya&#8230;<\/h5>\n<p>[\/vc_column_text]<div class=\"mgt-button-wrapper mgt-button-wrapper-align-left mgt-button-wrapper-display-newline mgt-button-top-margin-enable\"><a class=\"btn hvr-icon-wobble-horizontal mgt-button mgt-style-borderedgrey mgt-size-small mgt-align-left mgt-display-newline mgt-text-size-small mgt-button-icon-position-right mgt-text-transform-uppercase  wpb_animate_when_almost_visible wpb_left-to-right\" href=\"https:\/\/www.tsiyapi.com\/ibat-bostanci\/\">VIEW PROFILE<i class=\"fa fa-arrow-right\"><\/i><\/a><\/div>[\/vc_column][\/vc_row][vc_row css_animation=&#187;fadeInRight&#187;][vc_column width=&#187;1\/3&#8243;][\/vc_column][vc_column width=&#187;1\/3&#8243;][\/vc_column][vc_column width=&#187;1\/3&#8243;][\/vc_column][\/vc_row][vc_row css_animation=&#187;fadeInLeft&#187;][vc_column width=&#187;1\/3&#8243;][\/vc_column][vc_column width=&#187;1\/3&#8243;][\/vc_column][vc_column width=&#187;1\/3&#8243;][\/vc_column][\/vc_row][vc_row css_animation=&#187;fadeInLeft&#187;][vc_column width=&#187;1\/3&#8243;][\/vc_column][vc_column width=&#187;1\/3&#8243;][\/vc_column][vc_column width=&#187;1\/3&#8243;][\/vc_column][\/vc_row][vc_row css_animation=&#187;fadeInLeft&#187;][vc_column width=&#187;1\/3&#8243;][\/vc_column][vc_column width=&#187;1\/3&#8243;][\/vc_column][\/vc_row][vc_row css_animation=&#187;fadeInRight&#187;][vc_column width=&#187;1\/3&#8243;][\/vc_column][vc_column width=&#187;1\/3&#8243;][\/vc_column][\/vc_row][vc_row][vc_column][\/vc_column][\/vc_row]<\/p>\n","protected":false},"excerpt":{"rendered":"<p>&#8230;<\/p>\n","protected":false},"author":1,"featured_media":0,"parent":0,"menu_order":0,"comment_status":"closed","ping_status":"closed","template":"","meta":{"footnotes":""},"class_list":["post-8580","page","type-page","status-publish","hentry"],"_links":{"self":[{"href":"https:\/\/www.tsiyapi.com\/ru\/wp-json\/wp\/v2\/pages\/8580","targetHints":{"allow":["GET"]}}],"collection":[{"href":"https:\/\/www.tsiyapi.com\/ru\/wp-json\/wp\/v2\/pages"}],"about":[{"href":"https:\/\/www.tsiyapi.com\/ru\/wp-json\/wp\/v2\/types\/page"}],"author":[{"embeddable":true,"href":"https:\/\/www.tsiyapi.com\/ru\/wp-json\/wp\/v2\/users\/1"}],"replies":[{"embeddable":true,"href":"https:\/\/www.tsiyapi.com\/ru\/wp-json\/wp\/v2\/comments?post=8580"}],"version-history":[{"count":128,"href":"https:\/\/www.tsiyapi.com\/ru\/wp-json\/wp\/v2\/pages\/8580\/revisions"}],"predecessor-version":[{"id":11445,"href":"https:\/\/www.tsiyapi.com\/ru\/wp-json\/wp\/v2\/pages\/8580\/revisions\/11445"}],"wp:attachment":[{"href":"https:\/\/www.tsiyapi.com\/ru\/wp-json\/wp\/v2\/media?parent=8580"}],"curies":[{"name":"wp","href":"https:\/\/api.w.org\/{rel}","templated":true}]}}